{"id":8471,"date":"2016-05-04T17:35:58","date_gmt":"2016-05-04T17:35:58","guid":{"rendered":"https:\/\/readtogrow.org\/es\/?page_id=8471"},"modified":"2016-05-04T18:06:59","modified_gmt":"2016-05-04T18:06:59","slug":"ways-to-donate","status":"publish","type":"page","link":"https:\/\/readtogrow.bulldogstudios.com\/es\/como-puede-ayudar\/ways-to-donate\/","title":{"rendered":"Ways to Donate"},"content":{"rendered":"<div class=\"wpb-content-wrapper\">[vc_row][vc_column]<h3 class=\"heading-horizontal\" style=\"margin:20px 0 30px 0;\"><span>Ways to Donate<\/span><\/h3>[vc_column_text]\n<p style=\"text-align: center;\"><strong>Esta p\u00e1gina est\u00e1 siendo traducida al espa\u00f1ol. Gracias por su paciencia.<\/strong><\/p>\n[\/vc_column_text][\/vc_column][\/vc_row][vc_row gap=\u00bb35&#8243; equal_height=\u00bbyes\u00bb][vc_column width=\u00bb1\/2&#8243; el_class=\u00bbwtd-box\u00bb][vc_column_text]\n<h4>One-Time Donations<\/h4>\n<p style=\"text-align: left;\">Gifts can be made online or through the mail. To donate through the mail, send your gifts to:<br \/>\nRead to Grow<br \/>\n53 School Ground Road<br \/>\nBranford, CT 06405<\/p>\n[\/vc_column_text][\/vc_column][vc_column width=\u00bb1\/2&#8243; el_class=\u00bbwtd-box\u00bb][vc_column_text]\n<h4>Monthly\u00a0Donations<\/h4>\n<p style=\"text-align: left;\">By giving any amount regularly, you provide important, year-round support. Automatic donations can be applied to your credit card on a monthly basis or with intervals of your choice.<\/p>\n[\/vc_column_text][\/vc_column][\/vc_row][vc_row css=\u00bb.vc_custom_1461700306250{padding-bottom: 0px !important;}\u00bb el_class=\u00bbwtd-button\u00bb][vc_column css=\u00bb.vc_custom_1461696772073{padding-bottom: 0px !important;}\u00bb]<p style=\"text-align:center;\"><a class=\"ka_button tt_ medium_button medium_cherry\" title=\"\" href=\"https:\/\/www.sagepayments.net\/sagenonprofit\/shopping_cart\/forms\/donate.asp?M_id=534249873894\">Donate<\/a><\/p>[vc_raw_html css=\u00bb.vc_custom_1462385183841{margin-bottom: 0px !important;}\u00bb]JTNDZGl2JTIwaWQlM0QlMjJwbGVkZ2UlMjIlM0UlM0MlMkZkaXYlM0U=[\/vc_raw_html][\/vc_column][\/vc_row][vc_row gap=\u00bb30&#8243; equal_height=\u00bbyes\u00bb][vc_column width=\u00bb1\/2&#8243; el_class=\u00bbwtd-box\u00bb][vc_column_text]\n<h4>Pledges<\/h4>\n<p style=\"text-align: left;\">You can promise to give a certain amount over a period of two years or more. For more information on pledges, please call us at: 203.488.6800.<\/p>\n[\/vc_column_text][\/vc_column][vc_column width=\u00bb1\/2&#8243; el_class=\u00bbwtd-box\u00bb][vc_column_text]\n<h4>Honor\/Memory Gifts<\/h4>\n<p style=\"text-align: left;\">Donate in the name of \u2014 or in the memory of \u2014 loved ones, families, friends, and colleagues. These gifts are especially meaningful on special occasions, holidays, celebrations, and days of remembrance. Read to Grow will send cards to your honorees or to the people you designate to announce your gifts.<\/p>\n[\/vc_column_text][\/vc_column][\/vc_row][vc_row css=\u00bb.vc_custom_1461700306250{padding-bottom: 0px !important;}\u00bb el_class=\u00bbwtd-button\u00bb][vc_column css=\u00bb.vc_custom_1461696772073{padding-bottom: 0px !important;}\u00bb]<p style=\"text-align:center;\"><a class=\"ka_button tt_ medium_button medium_cherry\" title=\"\" href=\"https:\/\/www.sagepayments.net\/sagenonprofit\/shopping_cart\/forms\/donate.asp?M_id=534249873894\">Donate<\/a><\/p>[vc_raw_html css=\u00bb.vc_custom_1462385191739{margin-bottom: 0px !important;}\u00bb]JTNDZGl2JTIwaWQlM0QlMjJtYXRjaGluZyUyMiUzRSUzQyUyRmRpdiUzRQ==[\/vc_raw_html][\/vc_column][\/vc_row][vc_row gap=\u00bb30&#8243; equal_height=\u00bbyes\u00bb][vc_column width=\u00bb1\/2&#8243; el_class=\u00bbwtd-box\u00bb][vc_column_text]\n<h4>Matching Gifts<\/h4>\n<p style=\"text-align: left;\">Maximize your donations through your employer\u2019s matching gift program. Some employers match dollar for dollar, which doubles your gifts. Please contact your Human Resources office to find out the options. Forms that enable Read to Grow to receive these matches are mailed (or emailed) to us either by the employer or the employee.<\/p>\n[\/vc_column_text][\/vc_column][vc_column width=\u00bb1\/2&#8243; el_class=\u00bbwtd-box\u00bb][vc_column_text]\n<h4>In-Kind\u00a0Gifts<\/h4>\n<p style=\"text-align: left;\">Individuals, groups and companies can donate equipment, products and services to support Read to Grow. Examples include, but are not limited to: computers, children\u2019s books, technology support, and printing services.<\/p>\n[\/vc_column_text][\/vc_column][\/vc_row][vc_row css=\u00bb.vc_custom_1461700306250{padding-bottom: 0px !important;}\u00bb el_class=\u00bbwtd-button\u00bb][vc_column css=\u00bb.vc_custom_1461696772073{padding-bottom: 0px !important;}\u00bb]<p style=\"text-align:center;\"><a class=\"ka_button tt_ medium_button medium_cherry\" title=\"\" href=\"https:\/\/www.sagepayments.net\/sagenonprofit\/shopping_cart\/forms\/donate.asp?M_id=534249873894\">Donate<\/a><\/p>[vc_raw_html css=\u00bb.vc_custom_1462385199707{margin-bottom: 0px !important;}\u00bb]JTNDZGl2JTIwaWQlM0QlMjJsZWdhY3klMjIlM0UlM0MlMkZkaXYlM0U=[\/vc_raw_html][\/vc_column][\/vc_row][vc_row gap=\u00bb30&#8243; equal_height=\u00bbyes\u00bb][vc_column width=\u00bb1\/4&#8243;][\/vc_column][vc_column width=\u00bb1\/2&#8243; el_class=\u00bbwtd-box\u00bb][vc_column_text]<img loading=\"lazy\" decoding=\"async\" class=\"aligncenter size-full wp-image-8141\" src=\"https:\/\/readtogrow.org\/wp-content\/uploads\/leave-a-legacy-logo.png\" alt=\"leave-a-legacy-logo\" width=\"200\" height=\"114\" \/><\/p>\n<h4>Leave A Legacy<\/h4>\n<p style=\"text-align: left;\">Charitable bequests are wonderful ways to make a meaningful difference for years to come. You can make financial or estate gifts through wills, trusts and other planned giving, and you will be recognized as a member of Read to Grow\u2019s Legacy Society. For more information, please contact us, your attorney, or your financial advisor.<\/p>\n[\/vc_column_text][\/vc_column][vc_column width=\u00bb1\/4&#8243;][\/vc_column][\/vc_row][vc_row css=\u00bb.vc_custom_1461700306250{padding-bottom: 0px !important;}\u00bb el_class=\u00bbwtd-button\u00bb][vc_column css=\u00bb.vc_custom_1461696772073{padding-bottom: 0px !important;}\u00bb]<p style=\"text-align:center;\"><a class=\"ka_button tt_ medium_button medium_cherry\" title=\"\" href=\"https:\/\/www.sagepayments.net\/sagenonprofit\/shopping_cart\/forms\/donate.asp?M_id=534249873894\">Donate<\/a><\/p>[vc_raw_html css=\u00bb.vc_custom_1462385213373{margin-bottom: 0px !important;}\u00bb]JTNDZGl2JTIwaWQlM0QlMjJzaG9wJTIyJTNFJTNDJTJGZGl2JTNF[\/vc_raw_html][\/vc_column][\/vc_row][vc_row gap=\u00bb30&#8243; equal_height=\u00bbyes\u00bb][vc_column width=\u00bb1\/2&#8243; el_class=\u00bbwtd-box\u00bb][vc_column_text]<img loading=\"lazy\" decoding=\"async\" class=\"aligncenter wp-image-8143 size-medium\" src=\"https:\/\/readtogrow.org\/wp-content\/uploads\/goodshop-logo-300x53.png\" width=\"300\" height=\"53\" \/><\/p>\n<h4>Goodshop<\/h4>\n<p style=\"text-align: left;\">Shop through <strong><a href=\"http:\/\/www.goodshop.com\">Goodshop.com<\/a><\/strong> and Goodshop will donate a percentage of your merchandise payments to Read to Grow. Goodshop works with over 5,000 stores online to provide deals and coupons. Register at <strong><a href=\"http:\/\/www.goodshop.com\">Goodshop.com<\/a><\/strong> and select Read to Grow as the charity you support.<\/p>\n[\/vc_column_text][\/vc_column][vc_column width=\u00bb1\/2&#8243; el_class=\u00bbwtd-box\u00bb][vc_column_text css=\u00bb.vc_custom_1461695141247{background-color: #ededed !important;border-radius: 4px !important;}\u00bb el_class=\u00bbwtd-box\u00bb]<img loading=\"lazy\" decoding=\"async\" class=\"aligncenter wp-image-8106 size-medium\" src=\"https:\/\/readtogrow.org\/wp-content\/uploads\/amazon-smile-logo-300x68.png\" alt=\"amazon-smile-logo\" width=\"300\" height=\"68\" \/><\/p>\n<h4>Amazon Smile<\/h4>\n<p style=\"text-align: left;\">Make a difference each time you shop. 0.5% of your purchase will be donated to Read to Grow. Simply register at smile.amazon.com and choose Read to Grow as your charity. Once you register, you will be directed to smile.amazon.com every time you visit Amazon\u2019s website.<\/p>\n[\/vc_column_text][\/vc_column][\/vc_row][vc_row css=\u00bb.vc_custom_1461700306250{padding-bottom: 0px !important;}\u00bb el_class=\u00bbwtd-button\u00bb][vc_column css=\u00bb.vc_custom_1461696772073{padding-bottom: 0px !important;}\u00bb]<p style=\"text-align:center;\"><a class=\"ka_button tt_ medium_button medium_cherry\" title=\"\" href=\"https:\/\/www.sagepayments.net\/sagenonprofit\/shopping_cart\/forms\/donate.asp?M_id=534249873894\">Donate<\/a><\/p>[\/vc_column][\/vc_row]\n<\/div>","protected":false},"excerpt":{"rendered":"<p>[vc_row][vc_column][vc_column_text]<br \/>\nEsta p\u00e1gina est\u00e1 siendo traducida al espa\u00f1ol. Gracias por su paciencia.<br \/>\n[\/vc_column_text][\/vc_column][\/vc_row][vc_row gap=\u00bb35&#8243; equal_height=\u00bbyes\u00bb][vc_column width=\u00bb1\/2&#8243; el_class=\u00bbwtd-box\u00bb][vc_column_text]<br \/>\nOne-Time Donations<br \/>\nGifts can be made online or through the mail. To donate through the mail, send your gifts to:<br \/>\nRead to Grow<br \/>\n53 School Ground Road<br \/>\nBranford, CT 06405<br \/>\n[\/vc_column_text][\/vc_column][vc_column width=\u00bb1\/2&#8243; el_class=\u00bbwtd-box\u00bb][vc_column_text]<br \/>\nMonthly\u00a0Donations<br \/>\nBy giving any amount regularly, you provide important, year-round support. Automatic donations can be applied to your credit card on a monthly basis or with intervals of your choice.<br ...\n<\/p>\n","protected":false},"author":1,"featured_media":0,"parent":8325,"menu_order":0,"comment_status":"closed","ping_status":"closed","template":"template-full-width.php","meta":{"footnotes":""},"class_list":["post-8471","page","type-page","status-publish","hentry"],"_links":{"self":[{"href":"https:\/\/readtogrow.bulldogstudios.com\/es\/wp-json\/wp\/v2\/pages\/8471","targetHints":{"allow":["GET"]}}],"collection":[{"href":"https:\/\/readtogrow.bulldogstudios.com\/es\/wp-json\/wp\/v2\/pages"}],"about":[{"href":"https:\/\/readtogrow.bulldogstudios.com\/es\/wp-json\/wp\/v2\/types\/page"}],"author":[{"embeddable":true,"href":"https:\/\/readtogrow.bulldogstudios.com\/es\/wp-json\/wp\/v2\/users\/1"}],"replies":[{"embeddable":true,"href":"https:\/\/readtogrow.bulldogstudios.com\/es\/wp-json\/wp\/v2\/comments?post=8471"}],"version-history":[{"count":5,"href":"https:\/\/readtogrow.bulldogstudios.com\/es\/wp-json\/wp\/v2\/pages\/8471\/revisions"}],"predecessor-version":[{"id":8481,"href":"https:\/\/readtogrow.bulldogstudios.com\/es\/wp-json\/wp\/v2\/pages\/8471\/revisions\/8481"}],"up":[{"embeddable":true,"href":"https:\/\/readtogrow.bulldogstudios.com\/es\/wp-json\/wp\/v2\/pages\/8325"}],"wp:attachment":[{"href":"https:\/\/readtogrow.bulldogstudios.com\/es\/wp-json\/wp\/v2\/media?parent=8471"}],"curies":[{"name":"wp","href":"https:\/\/api.w.org\/{rel}","templated":true}]}}