{"id":8452,"date":"2016-05-04T13:39:27","date_gmt":"2016-05-04T13:39:27","guid":{"rendered":"https:\/\/readtogrow.org\/es\/?page_id=8452"},"modified":"2019-07-26T15:27:53","modified_gmt":"2019-07-26T15:27:53","slug":"encuentre-su-rincon-del-libro","status":"publish","type":"page","link":"https:\/\/readtogrow.bulldogstudios.com\/es\/como-ayudamos\/encuentre-su-rincon-del-libro\/","title":{"rendered":"Encuentre Su Rinc\u00f3n del Libro"},"content":{"rendered":"<div class=\"wpb-content-wrapper\">[vc_row][vc_column]<h3 class=\"heading-horizontal\" style=\"margin:20px 0 20px 0;\"><span>Encuentre Su Rinc\u00f3n del Libro<\/span><\/h3>[vc_column_text el_class=\u00bbspanish-disclaimer\u00bb]\n<p style=\"text-align: center;\"><strong>Esta p\u00e1gina est\u00e1 siendo traducida al espa\u00f1ol. Gracias por su paciencia.<\/strong><\/p>\n[\/vc_column_text][\/vc_column][\/vc_row][vc_row][vc_column][vc_column_text el_class=\u00bbintro-copy\u00bb]Para encontrar los Rinc\u00f3nes\u00a0 del Libro m\u00e1s cercanos a usted, simplemente ingrese su c\u00f3digo POSTAL<br \/>\no su direcci\u00f3n (incluida la ciudad) en el campo de b\u00fasqueda abajo, luego haga clic en el bot\u00f3nde B\u00fasqueda.<br \/>\nTodas las localizaciones dentro del radio de b\u00fasqueda elegido se mostrar\u00e1n.<\/p>\n<p>You can also <strong><a href=\"\/wp-content\/uploads\/RTG-Book-Places.pdf\">download a PDF<\/a><\/strong> of the complete\u00a0Book Places list.[\/vc_column_text][vc_column_text]<style>\r\n\t#wpsl-stores .wpsl-store-thumb {height:45px !important; width:45px !important;}\r\n\t#wpsl-stores, #wpsl-direction-details, #wpsl-gmap {height:800px !important;}\r\n\t#wpsl-gmap .wpsl-info-window {max-width:400px !important;}\r\n\t.wpsl-input label, #wpsl-radius label, #wpsl-category label {width:100px;}\r\n\t#wpsl-search-input  {width:230px;}\r\n<\/style>\r\n<div id=\"wpsl-wrap\">\r\n\t<div class=\"wpsl-search wpsl-clearfix \">\r\n\t\t<div id=\"wpsl-search-wrap\">\r\n\t\t\t<form autocomplete=\"off\">\r\n\t\t\t<div class=\"wpsl-input\">\r\n\t\t\t\t<div><label for=\"wpsl-search-input\">Enter your address or ZIP code:<\/label><\/div>\r\n\t\t\t\t<input id=\"wpsl-search-input\" type=\"text\" value=\"\" name=\"wpsl-search-input\" placeholder=\"\" aria-required=\"true\" \/>\r\n\t\t\t<\/div>\r\n\t\t\t<div class=\"wpsl-select-wrap\">\r\n\t\t\t\t<div id=\"wpsl-radius\">\r\n\t\t\t\t\t<label for=\"wpsl-radius-dropdown\">Search radius:<\/label>\r\n\t\t\t\t\t<select id=\"wpsl-radius-dropdown\" class=\"wpsl-dropdown\" name=\"wpsl-radius\">\r\n\t\t\t\t\t\t<option value=\"5\">5 mi<\/option><option selected=\"selected\" value=\"10\">10 mi<\/option><option value=\"25\">25 mi<\/option><option value=\"50\">50 mi<\/option>\r\n\t\t\t\t\t<\/select>\r\n\t\t\t\t<\/div>\r\n\t\t\t<\/div>\r\n\t\t\t\t<div class=\"wpsl-search-btn-wrap\"><input id=\"wpsl-search-btn\" type=\"submit\" value=\"Search\"><\/div>\r\n\t\t<\/form>\r\n\t\t<\/div>\r\n\t<\/div>\r\n\t<div id=\"wpsl-gmap\" class=\"wpsl-gmap-canvas\"><\/div>\r\n\t<div id=\"wpsl-result-list\">\r\n\t\t<div id=\"wpsl-stores\" >\r\n\t\t\t<ul><\/ul>\r\n\t\t<\/div>\r\n\t\t<div id=\"wpsl-direction-details\">\r\n\t\t\t<ul><\/ul>\r\n\t\t<\/div>\r\n\t<\/div>\r\n<\/div>\r\n[\/vc_column_text][\/vc_column][\/vc_row]\n<\/div>","protected":false},"excerpt":{"rendered":"<p>[vc_row][vc_column][vc_column_text el_class=\u00bbspanish-disclaimer\u00bb]<br \/>\nEsta p\u00e1gina est\u00e1 siendo traducida al espa\u00f1ol. Gracias por su paciencia.<br \/>\n[\/vc_column_text][\/vc_column][\/vc_row][vc_row][vc_column][vc_column_text el_class=\u00bbintro-copy\u00bb]Para encontrar los Rinc\u00f3nes\u00a0 del Libro m\u00e1s cercanos a usted, simplemente ingrese su c\u00f3digo POSTAL<br \/>\no su direcci\u00f3n (incluida la ciudad) en el campo de b\u00fasqueda abajo, luego haga clic en el bot\u00f3nde B\u00fasqueda.<br \/>\nTodas las localizaciones dentro del radio de b\u00fasqueda elegido se mostrar\u00e1n.<br \/>\nYou can also download a PDF of the complete\u00a0Book Places list.[\/vc_column_text][vc_column_text][\/vc_column_text][\/vc_column][\/vc_row]<\/p>\n","protected":false},"author":1,"featured_media":0,"parent":8323,"menu_order":0,"comment_status":"closed","ping_status":"closed","template":"template-full-width.php","meta":{"footnotes":""},"class_list":["post-8452","page","type-page","status-publish","hentry"],"_links":{"self":[{"href":"https:\/\/readtogrow.bulldogstudios.com\/es\/wp-json\/wp\/v2\/pages\/8452","targetHints":{"allow":["GET"]}}],"collection":[{"href":"https:\/\/readtogrow.bulldogstudios.com\/es\/wp-json\/wp\/v2\/pages"}],"about":[{"href":"https:\/\/readtogrow.bulldogstudios.com\/es\/wp-json\/wp\/v2\/types\/page"}],"author":[{"embeddable":true,"href":"https:\/\/readtogrow.bulldogstudios.com\/es\/wp-json\/wp\/v2\/users\/1"}],"replies":[{"embeddable":true,"href":"https:\/\/readtogrow.bulldogstudios.com\/es\/wp-json\/wp\/v2\/comments?post=8452"}],"version-history":[{"count":7,"href":"https:\/\/readtogrow.bulldogstudios.com\/es\/wp-json\/wp\/v2\/pages\/8452\/revisions"}],"predecessor-version":[{"id":10266,"href":"https:\/\/readtogrow.bulldogstudios.com\/es\/wp-json\/wp\/v2\/pages\/8452\/revisions\/10266"}],"up":[{"embeddable":true,"href":"https:\/\/readtogrow.bulldogstudios.com\/es\/wp-json\/wp\/v2\/pages\/8323"}],"wp:attachment":[{"href":"https:\/\/readtogrow.bulldogstudios.com\/es\/wp-json\/wp\/v2\/media?parent=8452"}],"curies":[{"name":"wp","href":"https:\/\/api.w.org\/{rel}","templated":true}]}}