{"id":8423,"date":"2016-05-04T06:58:02","date_gmt":"2016-05-04T06:58:02","guid":{"rendered":"https:\/\/readtogrow.org\/es\/?page_id=8423"},"modified":"2016-05-04T07:32:30","modified_gmt":"2016-05-04T07:32:30","slug":"circle-of-friends-photo-gallery","status":"publish","type":"page","link":"https:\/\/readtogrow.bulldogstudios.com\/es\/noticias-y-eventos\/galeria-de-fotos\/circle-of-friends-photo-gallery\/","title":{"rendered":"Circle of Friends Photo Gallery"},"content":{"rendered":"<div class=\"wpb-content-wrapper\">[vc_row][vc_column]<h3 class=\"heading-horizontal\" style=\"margin:20px 0 20px 0;\"><span>Circle of Friends Photo Gallery<\/span><\/h3>[vc_column_text]\n<p style=\"text-align: center;\"><strong>Esta p\u00e1gina est\u00e1 siendo traducida al espa\u00f1ol. Gracias por su paciencia.<\/strong><\/p>\n[\/vc_column_text][vc_column_text el_class=\u00bbintro-copy\u00bb]A cocktail-hour gathering in October 2015 at the Guilford Yacht Club was the kick-off event for our new Circle of Friends. Some 60 guests attended the complimentary event held in appreciation of their support and donations over the years.[\/vc_column_text][\/vc_column][\/vc_row][vc_row][vc_column][vc_masonry_media_grid style=\u00bblazy\u00bb items_per_page=\u00bb6&#8243; element_width=\u00bb6&#8243; gap=\u00bb10&#8243; grid_id=\u00bbvc_gid:1462347131087-887bf652-3efc-2&#8243; include=\u00bb7610,7609,7608,7607,7606,7605,7604,7603,7602,7601,7600,7599&#8243;][\/vc_column][\/vc_row]\n<\/div>","protected":false},"excerpt":{"rendered":"<p>[vc_row][vc_column][vc_column_text]<br \/>\nEsta p\u00e1gina est\u00e1 siendo traducida al espa\u00f1ol. Gracias por su paciencia.<br \/>\n[\/vc_column_text][vc_column_text el_class=\u00bbintro-copy\u00bb]A cocktail-hour gathering in October 2015 at the Guilford Yacht Club was the kick-off event for our new Circle of Friends. Some 60 guests attended the complimentary event held in appreciation of their support and donations over the years.[\/vc_column_text][\/vc_column][\/vc_row][vc_row][vc_column][vc_masonry_media_grid style=\u00bblazy\u00bb items_per_page=\u00bb6&#8243; element_width=\u00bb6&#8243; gap=\u00bb10&#8243; grid_id=\u00bbvc_gid:1462347131087-887bf652-3efc-2&#8243; include=\u00bb7610,7609,7608,7607,7606,7605,7604,7603,7602,7601,7600,7599&#8243;][\/vc_column][\/vc_row]<\/p>\n","protected":false},"author":1,"featured_media":0,"parent":8339,"menu_order":0,"comment_status":"closed","ping_status":"closed","template":"template_leftnav.php","meta":{"footnotes":""},"class_list":["post-8423","page","type-page","status-publish","hentry"],"_links":{"self":[{"href":"https:\/\/readtogrow.bulldogstudios.com\/es\/wp-json\/wp\/v2\/pages\/8423","targetHints":{"allow":["GET"]}}],"collection":[{"href":"https:\/\/readtogrow.bulldogstudios.com\/es\/wp-json\/wp\/v2\/pages"}],"about":[{"href":"https:\/\/readtogrow.bulldogstudios.com\/es\/wp-json\/wp\/v2\/types\/page"}],"author":[{"embeddable":true,"href":"https:\/\/readtogrow.bulldogstudios.com\/es\/wp-json\/wp\/v2\/users\/1"}],"replies":[{"embeddable":true,"href":"https:\/\/readtogrow.bulldogstudios.com\/es\/wp-json\/wp\/v2\/comments?post=8423"}],"version-history":[{"count":2,"href":"https:\/\/readtogrow.bulldogstudios.com\/es\/wp-json\/wp\/v2\/pages\/8423\/revisions"}],"predecessor-version":[{"id":8438,"href":"https:\/\/readtogrow.bulldogstudios.com\/es\/wp-json\/wp\/v2\/pages\/8423\/revisions\/8438"}],"up":[{"embeddable":true,"href":"https:\/\/readtogrow.bulldogstudios.com\/es\/wp-json\/wp\/v2\/pages\/8339"}],"wp:attachment":[{"href":"https:\/\/readtogrow.bulldogstudios.com\/es\/wp-json\/wp\/v2\/media?parent=8423"}],"curies":[{"name":"wp","href":"https:\/\/api.w.org\/{rel}","templated":true}]}}