{"id":8420,"date":"2016-05-04T06:52:57","date_gmt":"2016-05-04T06:52:57","guid":{"rendered":"https:\/\/readtogrow.org\/es\/?page_id=8420"},"modified":"2016-05-04T07:33:27","modified_gmt":"2016-05-04T07:33:27","slug":"book-drives-photo-gallery","status":"publish","type":"page","link":"https:\/\/readtogrow.bulldogstudios.com\/es\/noticias-y-eventos\/galeria-de-fotos\/book-drives-photo-gallery\/","title":{"rendered":"Book Drives Photo Gallery"},"content":{"rendered":"<div class=\"wpb-content-wrapper\">[vc_row][vc_column]<h3 class=\"heading-horizontal\" style=\"margin:20px 0 20px 0;\"><span>Book Drives Photo Gallery<\/span><\/h3>[vc_column_text]\n<p style=\"text-align: center;\"><strong>Esta p\u00e1gina est\u00e1 siendo traducida al espa\u00f1ol. Gracias por su paciencia.<\/strong><\/p>\n[\/vc_column_text][vc_column_text el_class=\u00bbintro-copy\u00bb]We thank each and every person and group collecting books for the children we serve. Your contributions make our work possible![\/vc_column_text][\/vc_column][\/vc_row][vc_row][vc_column][vc_masonry_media_grid style=\u00bblazy\u00bb items_per_page=\u00bb6&#8243; element_width=\u00bb6&#8243; gap=\u00bb10&#8243; grid_id=\u00bbvc_gid:1462347190867-bbff5a3e-aeef-5&#8243; include=\u00bb7621,7620,7619,7618,7617,7616,7614,7612,7611&#8243;][\/vc_column][\/vc_row][vc_row][vc_column][\/vc_column][\/vc_row]\n<\/div>","protected":false},"excerpt":{"rendered":"<p>[vc_row][vc_column][vc_column_text]<br \/>\nEsta p\u00e1gina est\u00e1 siendo traducida al espa\u00f1ol. Gracias por su paciencia.<br \/>\n[\/vc_column_text][vc_column_text el_class=\u00bbintro-copy\u00bb]We thank each and every person and group collecting books for the children we serve. Your contributions make our work possible![\/vc_column_text][\/vc_column][\/vc_row][vc_row][vc_column][vc_masonry_media_grid style=\u00bblazy\u00bb items_per_page=\u00bb6&#8243; element_width=\u00bb6&#8243; gap=\u00bb10&#8243; grid_id=\u00bbvc_gid:1462347190867-bbff5a3e-aeef-5&#8243; include=\u00bb7621,7620,7619,7618,7617,7616,7614,7612,7611&#8243;][\/vc_column][\/vc_row][vc_row][vc_column][\/vc_column][\/vc_row]<\/p>\n","protected":false},"author":1,"featured_media":0,"parent":8339,"menu_order":0,"comment_status":"closed","ping_status":"closed","template":"template_leftnav.php","meta":{"footnotes":""},"class_list":["post-8420","page","type-page","status-publish","hentry"],"_links":{"self":[{"href":"https:\/\/readtogrow.bulldogstudios.com\/es\/wp-json\/wp\/v2\/pages\/8420","targetHints":{"allow":["GET"]}}],"collection":[{"href":"https:\/\/readtogrow.bulldogstudios.com\/es\/wp-json\/wp\/v2\/pages"}],"about":[{"href":"https:\/\/readtogrow.bulldogstudios.com\/es\/wp-json\/wp\/v2\/types\/page"}],"author":[{"embeddable":true,"href":"https:\/\/readtogrow.bulldogstudios.com\/es\/wp-json\/wp\/v2\/users\/1"}],"replies":[{"embeddable":true,"href":"https:\/\/readtogrow.bulldogstudios.com\/es\/wp-json\/wp\/v2\/comments?post=8420"}],"version-history":[{"count":2,"href":"https:\/\/readtogrow.bulldogstudios.com\/es\/wp-json\/wp\/v2\/pages\/8420\/revisions"}],"predecessor-version":[{"id":8439,"href":"https:\/\/readtogrow.bulldogstudios.com\/es\/wp-json\/wp\/v2\/pages\/8420\/revisions\/8439"}],"up":[{"embeddable":true,"href":"https:\/\/readtogrow.bulldogstudios.com\/es\/wp-json\/wp\/v2\/pages\/8339"}],"wp:attachment":[{"href":"https:\/\/readtogrow.bulldogstudios.com\/es\/wp-json\/wp\/v2\/media?parent=8420"}],"curies":[{"name":"wp","href":"https:\/\/api.w.org\/{rel}","templated":true}]}}