{"id":8418,"date":"2016-05-04T06:50:29","date_gmt":"2016-05-04T06:50:29","guid":{"rendered":"https:\/\/readtogrow.org\/es\/?page_id=8418"},"modified":"2016-05-04T07:35:01","modified_gmt":"2016-05-04T07:35:01","slug":"alan-alda-photo-gallery","status":"publish","type":"page","link":"https:\/\/readtogrow.bulldogstudios.com\/es\/noticias-y-eventos\/galeria-de-fotos\/author-events\/alan-alda-photo-gallery\/","title":{"rendered":"Alan Alda Photo Gallery"},"content":{"rendered":"<div class=\"wpb-content-wrapper\">[vc_row][vc_column]<h3 class=\"heading-horizontal\" style=\"margin:20px 0 20px 0;\"><span>Alan Alda Photo Gallery<\/span><\/h3>[vc_column_text]\n<p style=\"text-align: center;\"><strong>Esta p\u00e1gina est\u00e1 siendo traducida al espa\u00f1ol. Gracias por su paciencia.<\/strong><\/p>\n[\/vc_column_text][\/vc_column][\/vc_row][vc_row][vc_column][vc_masonry_media_grid element_width=\u00bb6&#8243; gap=\u00bb10&#8243; grid_id=\u00bbvc_gid:1462347283550-9ed8c71a-c5ed-0&#8243; include=\u00bb7643,7637,7638,7639,7641,7640,7642&#8243;][\/vc_column][\/vc_row]\n<\/div>","protected":false},"excerpt":{"rendered":"<p>[vc_row][vc_column][vc_column_text]<br \/>\nEsta p\u00e1gina est\u00e1 siendo traducida al espa\u00f1ol. Gracias por su paciencia.<br \/>\n[\/vc_column_text][\/vc_column][\/vc_row][vc_row][vc_column][vc_masonry_media_grid element_width=\u00bb6&#8243; gap=\u00bb10&#8243; grid_id=\u00bbvc_gid:1462347283550-9ed8c71a-c5ed-0&#8243; include=\u00bb7643,7637,7638,7639,7641,7640,7642&#8243;][\/vc_column][\/vc_row]<\/p>\n","protected":false},"author":1,"featured_media":0,"parent":8416,"menu_order":0,"comment_status":"closed","ping_status":"closed","template":"template_leftnav.php","meta":{"footnotes":""},"class_list":["post-8418","page","type-page","status-publish","hentry"],"_links":{"self":[{"href":"https:\/\/readtogrow.bulldogstudios.com\/es\/wp-json\/wp\/v2\/pages\/8418","targetHints":{"allow":["GET"]}}],"collection":[{"href":"https:\/\/readtogrow.bulldogstudios.com\/es\/wp-json\/wp\/v2\/pages"}],"about":[{"href":"https:\/\/readtogrow.bulldogstudios.com\/es\/wp-json\/wp\/v2\/types\/page"}],"author":[{"embeddable":true,"href":"https:\/\/readtogrow.bulldogstudios.com\/es\/wp-json\/wp\/v2\/users\/1"}],"replies":[{"embeddable":true,"href":"https:\/\/readtogrow.bulldogstudios.com\/es\/wp-json\/wp\/v2\/comments?post=8418"}],"version-history":[{"count":2,"href":"https:\/\/readtogrow.bulldogstudios.com\/es\/wp-json\/wp\/v2\/pages\/8418\/revisions"}],"predecessor-version":[{"id":8440,"href":"https:\/\/readtogrow.bulldogstudios.com\/es\/wp-json\/wp\/v2\/pages\/8418\/revisions\/8440"}],"up":[{"embeddable":true,"href":"https:\/\/readtogrow.bulldogstudios.com\/es\/wp-json\/wp\/v2\/pages\/8416"}],"wp:attachment":[{"href":"https:\/\/readtogrow.bulldogstudios.com\/es\/wp-json\/wp\/v2\/media?parent=8418"}],"curies":[{"name":"wp","href":"https:\/\/api.w.org\/{rel}","templated":true}]}}