{"id":8414,"date":"2016-05-04T06:42:20","date_gmt":"2016-05-04T06:42:20","guid":{"rendered":"https:\/\/readtogrow.org\/es\/?page_id=8414"},"modified":"2016-05-04T07:30:28","modified_gmt":"2016-05-04T07:30:28","slug":"15-for-15-celebration-photo-gallery","status":"publish","type":"page","link":"https:\/\/readtogrow.bulldogstudios.com\/es\/noticias-y-eventos\/galeria-de-fotos\/15-for-15-celebration-photo-gallery\/","title":{"rendered":"15 for 15 Celebration Photo Gallery"},"content":{"rendered":"<div class=\"wpb-content-wrapper\">[vc_row][vc_column]<h3 class=\"heading-horizontal\" style=\"margin:20px 0 20px 0;\"><span>15 for 15 Celebration Photo Gallery<\/span><\/h3>[vc_column_text]\n<p style=\"text-align: center;\"><strong>Esta p\u00e1gina est\u00e1 siendo traducida al espa\u00f1ol. Gracias por su paciencia.<\/strong><\/p>\n[\/vc_column_text][vc_column_text el_class=\u00bbintro-copy\u00bb]\n<p class=\"p1\"><span class=\"s1\">Read to Grow\u2019s 15th<\/span><span class=\"s1\">\u00a0anniversary party in 2015 was a real celebration. During a dinner at Saint Clements Castle in Portland, CT on April 25<\/span><span class=\"s1\">, we honored 15 champions of children, enjoyed a rollicking word auction, and spent the evening in the company of many new and longtime friends.<\/span><\/p>\n[\/vc_column_text][\/vc_column][\/vc_row][vc_row][vc_column][vc_masonry_media_grid style=\u00bblazy\u00bb items_per_page=\u00bb6&#8243; element_width=\u00bb6&#8243; gap=\u00bb10&#8243; grid_id=\u00bbvc_gid:1462344103812-02116181-a777-10&#8243; include=\u00bb7598,7597,7596,7595,7594,7593,7592,7591,7590,7589,7588,7587,7586,7585,7584,7583,7582&#8243;][\/vc_column][\/vc_row]\n<\/div>","protected":false},"excerpt":{"rendered":"<p>[vc_row][vc_column][vc_column_text]<br \/>\nEsta p\u00e1gina est\u00e1 siendo traducida al espa\u00f1ol. Gracias por su paciencia.<br \/>\n[\/vc_column_text][vc_column_text el_class=\u00bbintro-copy\u00bb]<br \/>\nRead to Grow\u2019s 15th\u00a0anniversary party in 2015 was a real celebration. During a dinner at Saint Clements Castle in Portland, CT on April 25, we honored 15 champions of children, enjoyed a rollicking word auction, and spent the evening in the company of many new and longtime friends.<br \/>\n[\/vc_column_text][\/vc_column][\/vc_row][vc_row][vc_column][vc_masonry_media_grid style=\u00bblazy\u00bb items_per_page=\u00bb6&#8243; element_width=\u00bb6&#8243; gap=\u00bb10&#8243; grid_id=\u00bbvc_gid:1462344103812-02116181-a777-10&#8243; include=\u00bb7598,7597,7596,7595,7594,7593,7592,7591,7590,7589,7588,7587,7586,7585,7584,7583,7582&#8243;][\/vc_column][\/vc_row]<\/p>\n","protected":false},"author":1,"featured_media":0,"parent":8339,"menu_order":0,"comment_status":"closed","ping_status":"closed","template":"template_leftnav.php","meta":{"footnotes":""},"class_list":["post-8414","page","type-page","status-publish","hentry"],"_links":{"self":[{"href":"https:\/\/readtogrow.bulldogstudios.com\/es\/wp-json\/wp\/v2\/pages\/8414","targetHints":{"allow":["GET"]}}],"collection":[{"href":"https:\/\/readtogrow.bulldogstudios.com\/es\/wp-json\/wp\/v2\/pages"}],"about":[{"href":"https:\/\/readtogrow.bulldogstudios.com\/es\/wp-json\/wp\/v2\/types\/page"}],"author":[{"embeddable":true,"href":"https:\/\/readtogrow.bulldogstudios.com\/es\/wp-json\/wp\/v2\/users\/1"}],"replies":[{"embeddable":true,"href":"https:\/\/readtogrow.bulldogstudios.com\/es\/wp-json\/wp\/v2\/comments?post=8414"}],"version-history":[{"count":1,"href":"https:\/\/readtogrow.bulldogstudios.com\/es\/wp-json\/wp\/v2\/pages\/8414\/revisions"}],"predecessor-version":[{"id":8415,"href":"https:\/\/readtogrow.bulldogstudios.com\/es\/wp-json\/wp\/v2\/pages\/8414\/revisions\/8415"}],"up":[{"embeddable":true,"href":"https:\/\/readtogrow.bulldogstudios.com\/es\/wp-json\/wp\/v2\/pages\/8339"}],"wp:attachment":[{"href":"https:\/\/readtogrow.bulldogstudios.com\/es\/wp-json\/wp\/v2\/media?parent=8414"}],"curies":[{"name":"wp","href":"https:\/\/api.w.org\/{rel}","templated":true}]}}