{"id":8369,"date":"2016-05-04T03:03:12","date_gmt":"2016-05-04T03:03:12","guid":{"rendered":"https:\/\/readtogrow.org\/es\/?page_id=8369"},"modified":"2016-05-25T20:51:41","modified_gmt":"2016-05-25T20:51:41","slug":"recursos-de-alfabetizacion","status":"publish","type":"page","link":"https:\/\/readtogrow.bulldogstudios.com\/es\/como-ayudamos\/recursos-de-alfabetizacion\/","title":{"rendered":"Recursos de Alfabetizaci\u00f3n"},"content":{"rendered":"<div class=\"wpb-content-wrapper\">[vc_row][vc_column]<h3 class=\"heading-horizontal\" style=\"margin:20px 0 20px 0;\"><span>Recursos de Alfabetizaci\u00f3n<\/span><\/h3>[vc_column_text el_class=\u00bbspanish-disclaimer\u00bb]\n<p style=\"text-align: center;\"><strong>Esta p\u00e1gina est\u00e1 siendo traducida al espa\u00f1ol. Gracias por su paciencia.<\/strong><\/p>\n[\/vc_column_text]<p class=\"callout2 gold\"><span>Books for Kids offers resources to promote early literacy and literacy-developing habits within homes and communities.<\/p>\n<\/span><\/p><br class=\"clear\" \/>[vc_column_text el_class=\u00bbintro-copy\u00bb]Some or all of these resources should be useful for families, educators, health-care providers, child-care providers, and other nonprofits serving children and families.<\/p>\n<ul>\n<li><strong>Book Selections<\/strong>\u00a0\u2014 Information for selecting appropriate books for children<\/li>\n<\/ul>\n<ul>\n<li><strong>Home Libraries<\/strong>\u00a0\u2014 The whys and hows of creating a collection of children\u2019s books at home for regular use<\/li>\n<\/ul>\n<ul>\n<li><strong>Related Websites<\/strong>\u00a0\u2014 A list of online resources for literacy information<\/li>\n<\/ul>\n<ul>\n<li><strong>Workshops<\/strong>\u00a0\u2014 Please call us directly for more information about workshops that Read to Grow might present to different groups (parents, educators, health-care providers, and others). Call our Books for Kids staff (Linda Sylvester, Evelyn Tomasello or Myra Healy) at: 203.488.6800.<\/li>\n<\/ul>\n[\/vc_column_text][\/vc_column][\/vc_row][vc_row][vc_column][vc_tta_tabs color=\u00bborange\u00bb alignment=\u00bbcenter\u00bb active_section=\u00bb1&#8243;][vc_tta_section title=\u00bbBook Selections\u00bb tab_id=\u00bb1457606311856-2fe6c692-f7ee\u00bb][vc_column_text el_class=\u00bbtight-bullets\u00bb]\n<p class=\"spanish-disclaimer\" style=\"text-align: center;\"><strong>Esta p\u00e1gina est\u00e1 siendo traducida al espa\u00f1ol. Gracias por su paciencia.<\/strong><\/p>\n<p><strong>Parents of newborns and young children should look for books with colorful pictures or photos and just a few words on each page. Babies and toddlers love pictures of children\u2019s faces, showing smiles and different emotions.<\/strong><\/p>\n<p>Don\u2019t worry if your child isn\u2019t old enough to understand even simple words. Children need to hear words over and over again to recognize those words and speech patterns. Repetition of words and reading the same books and stories many times are what babies grow to love.<\/p>\n<p>As a child starts to read, you might want to guide her or his book selections. Here are a few tips for your child:<\/p>\n<p><strong>1. A book might be too easy if: <\/strong><\/p>\n<ul>\n<li>I have read it many times.<\/li>\n<li>I understand and can retell the story without much effort.<\/li>\n<li>I know and understand almost every word.<\/li>\n<li>I can read the book smoothly and fluently without much practice.<\/li>\n<\/ul>\n<p><strong>2. A book might be too hard if: <\/strong><\/p>\n<ul>\n<li>There are five or more words on a page that I don\u2019t recognize. I have read two pages and there are 5 words I don\u2019t understand.<\/li>\n<li>I am confused about what is happening in the story.<\/li>\n<li>When I read the words they sound choppy and slow.<\/li>\n<li>I need help when I am reading the book.<\/li>\n<\/ul>\n<p><strong>3. A book might be just right if:<\/strong><\/p>\n<ul>\n<li>The book is new to me, and the topic is interesting to me.<\/li>\n<li>I understand what is happening in most of the story.<\/li>\n<li>I can retell what I read.<\/li>\n<li>I recognize most of the words on the page, but there are some words to work on.<\/li>\n<li>I can read the book by myself but may need help when I hit a tough spot.<\/li>\n<\/ul>\n<p>Reading just-right books provides the perfect balance so that readers feel successful, enjoy reading and grow in their abilities. If books are too easy, children will become stagnant in their reading. Books too high above their reading levels will do nothing but frustrate them. You want your children to be happy and confident readers.[\/vc_column_text][\/vc_tta_section][vc_tta_section title=\u00bbHome Libraries\u00bb tab_id=\u00bb1457606312036-9706b75d-a719&#8243;][vc_column_text el_class=\u00bbtight-bullets\u00bb]\n<p class=\"spanish-disclaimer\" style=\"text-align: center;\"><strong>Esta p\u00e1gina est\u00e1 siendo traducida al espa\u00f1ol. Gracias por su paciencia.<\/strong><\/p>\n<p><strong>Research shows that having books in the home is one of the best ways to support and encourage your child\u2019s learning and academic achievements. In fact, the number of books in a home is a stronger predictor of a child\u2019s eventual level of education than are the household income and the parents\u2019 levels of education.<\/strong><\/p>\n<p>Having a home library delivers the message that books are fun, important and part of everyday life.<\/p>\n<p>Tips for starting a home library:<\/p>\n<ul>\n<li>Ask for books as gifts for your child (or for you);<\/li>\n<li>Look for inexpensive books at tag sales;<\/li>\n<li>Look for inexpensive books at second-hand stores;<\/li>\n<li><strong><a href=\"\/how-we-help\/resources-for-literacy\/home-libraries\/homemade-books\/\">Make your own special books<\/a><\/strong> with your child at home.<\/li>\n<\/ul>\n<p>Tips for creating accessible spaces for books:<\/p>\n<ul>\n<li>Put books in a large basket, a plastic laundry basket, a milk crate, or a sturdy cardboard box and put that container in the corner of a room\u2014not out of sight and not out of reach.<\/li>\n<li>Build a reading nook with a large cardboard box (on its side) and a crib mattress, a blanket, and\/or pillows;<\/li>\n<li>Use a low-level bookshelf that won\u2019t topple over.<\/li>\n<\/ul>\n<p>Search\u00a0\u201chome libraries for children\u201d for more ideas. Also, look at these websites<strong>:<\/strong><\/p>\n<ul>\n<li><strong><a href=\"http:\/\/www.ala.org\/alsc\/\">American Library Association<\/a><\/strong><\/li>\n<li><strong><a href=\"http:\/\/www.ana-white.com\/2010\/12\/library-book-cart.html\">Ana-White<\/a><\/strong><\/li>\n<li><strong><a href=\"http:\/\/www.myhomelibrary.org\">My Home Library<\/a><\/strong><\/li>\n<li><strong><a href=\"http:\/\/www.readingrockets.org\/article\/creating-home-library\">Reading Rockets<\/a><\/strong><\/li>\n<li><strong><a href=\"http:\/\/www.scholastic.com\/parents\/resources\/article\/parent-child\/creating-home-library\">Scholastic<\/a><\/strong><\/li>\n<li><strong><a href=\"http:\/\/www.tipjunkie.com\/post\/home-libraries\/\">Tip Junkie<\/a> <\/strong><\/li>\n<\/ul>\n[\/vc_column_text][\/vc_tta_section][vc_tta_section title=\u00bbRelated Websites\u00bb tab_id=\u00bb1457606440736-b7860080-724b\u00bb][vc_column_text el_class=\u00bbspanish-disclaimer\u00bb]\n<p style=\"text-align: center;\"><strong>Esta p\u00e1gina est\u00e1 siendo traducida al espa\u00f1ol. Gracias por su paciencia.<\/strong><\/p>\n[\/vc_column_text][vc_column_text]\n<h5 style=\"text-align: center;\"><strong>Online Resources for Information on Literacy<\/strong><\/h5>\n[\/vc_column_text][vc_row_inner][vc_column_inner width=\u00bb1\/2&#8243;][vc_column_text]\n<h6><strong>For Books and Reading Activities:<\/strong><\/h6>\n<ul>\n<li><strong><a href=\"http:\/\/www.ala.org\">American Library Association<\/a><\/strong><strong>\u00a0<\/strong><\/li>\n<li><strong><a href=\"http:\/\/www.readbrightly.com\">Brightly<\/a><\/strong><\/li>\n<li><strong><a href=\"http:\/\/www.read.gov\/cfb\/\">Center for the Book<\/a><\/strong><\/li>\n<li><strong><a href=\"http:\/\/www.cbcbooks.org\">Children\u2019s Book Council<\/a><\/strong><\/li>\n<li><strong><a href=\"http:\/\/www.ucalgary.ca\/~dkbrown\">The Children\u2019s Literature Web Guide<\/a><\/strong><\/li>\n<li><strong><a href=\"http:\/\/www.colorincolorado.org\">Color\u00edn Colorado<\/a><\/strong><\/li>\n<li><strong><a href=\"http:\/\/www.planetesme.com\">Esme Raji Codell<\/a><\/strong><\/li>\n<li><strong><a href=\"http:\/\/www.guysread.com\">Guys Read<\/a><\/strong><\/li>\n<li><strong><a href=\"http:\/\/www.trelease-on-reading.com\">Jim Trelease\u2019s Home Page<\/a><\/strong><\/li>\n<li><strong><a href=\"http:\/\/www.child2000.org\/lit-tips.htm\">National Children\u2019s Literacy Website<\/a><\/strong><\/li>\n<li><strong><a href=\"http:\/\/www.readkiddoread.com\">ReadKiddoRead<\/a><\/strong><\/li>\n<li><strong><a href=\"http:\/\/www.readingrockets.org\">Reading Rockets<\/a><\/strong><\/li>\n<li><strong><a href=\"http:\/\/www.rif.org\">Reading Is Fundamental (RIF)<\/a><\/strong><\/li>\n<li><strong><a href=\"http:\/\/www.imaginationlibrary.com\">Dolly Parton\u2019s Imagination Library<\/a><\/strong><\/li>\n<\/ul>\n[\/vc_column_text][\/vc_column_inner][vc_column_inner width=\u00bb1\/2&#8243;][vc_column_text]\n<h6><strong>For Early Literacy:<\/strong><\/h6>\n<ul>\n<li><strong><a href=\"http:\/\/www.familyreading.org\">Family Reading Partnership<\/a><\/strong><\/li>\n<li><u><\/u><strong><a href=\"http:\/\/www.raisingreaders.org\">Raising Readers<\/a><\/strong><\/li>\n<li><u><\/u><strong><a href=\"http:\/\/www.reachoutandread.org\">Reach Out and Read<\/a><\/strong><\/li>\n<li><strong><a href=\"http:\/\/www.zerotothree.org\/\">Zero to Three<\/a><\/strong><\/li>\n<\/ul>\n[\/vc_column_text][\/vc_column_inner][\/vc_row_inner][\/vc_tta_section][\/vc_tta_tabs][\/vc_column][\/vc_row]\n<\/div>","protected":false},"excerpt":{"rendered":"<p>[vc_row][vc_column][vc_column_text el_class=\u00bbspanish-disclaimer\u00bb]<br \/>\nEsta p\u00e1gina est\u00e1 siendo traducida al espa\u00f1ol. Gracias por su paciencia.<br \/>\n[\/vc_column_text][vc_column_text el_class=\u00bbintro-copy\u00bb]Some or all of these resources should be useful for families, educators, health-care providers, child-care providers, and other nonprofits serving children and families.<\/p>\n<p>Book Selections\u00a0\u2014 Information for selecting appropriate books for children<\/p>\n<p>\nHome Libraries\u00a0\u2014 The whys and hows of creating a collection of children\u2019s books at home for regular use<\/p>\n<p>\nRelated Websites\u00a0\u2014 A list of online resources for literacy information<br \/>\n<br ...\n<\/p>\n","protected":false},"author":1,"featured_media":0,"parent":8323,"menu_order":0,"comment_status":"closed","ping_status":"closed","template":"template_leftnav_how_we_help.php","meta":{"footnotes":""},"class_list":["post-8369","page","type-page","status-publish","hentry"],"_links":{"self":[{"href":"https:\/\/readtogrow.bulldogstudios.com\/es\/wp-json\/wp\/v2\/pages\/8369","targetHints":{"allow":["GET"]}}],"collection":[{"href":"https:\/\/readtogrow.bulldogstudios.com\/es\/wp-json\/wp\/v2\/pages"}],"about":[{"href":"https:\/\/readtogrow.bulldogstudios.com\/es\/wp-json\/wp\/v2\/types\/page"}],"author":[{"embeddable":true,"href":"https:\/\/readtogrow.bulldogstudios.com\/es\/wp-json\/wp\/v2\/users\/1"}],"replies":[{"embeddable":true,"href":"https:\/\/readtogrow.bulldogstudios.com\/es\/wp-json\/wp\/v2\/comments?post=8369"}],"version-history":[{"count":7,"href":"https:\/\/readtogrow.bulldogstudios.com\/es\/wp-json\/wp\/v2\/pages\/8369\/revisions"}],"predecessor-version":[{"id":8557,"href":"https:\/\/readtogrow.bulldogstudios.com\/es\/wp-json\/wp\/v2\/pages\/8369\/revisions\/8557"}],"up":[{"embeddable":true,"href":"https:\/\/readtogrow.bulldogstudios.com\/es\/wp-json\/wp\/v2\/pages\/8323"}],"wp:attachment":[{"href":"https:\/\/readtogrow.bulldogstudios.com\/es\/wp-json\/wp\/v2\/media?parent=8369"}],"curies":[{"name":"wp","href":"https:\/\/api.w.org\/{rel}","templated":true}]}}