{"id":8359,"date":"2016-05-03T21:34:11","date_gmt":"2016-05-03T21:34:11","guid":{"rendered":"https:\/\/readtogrow.org\/es\/?page_id=8359"},"modified":"2020-09-09T19:12:49","modified_gmt":"2020-09-09T19:12:49","slug":"programa-de-books-for-kids","status":"publish","type":"page","link":"https:\/\/readtogrow.bulldogstudios.com\/es\/como-ayudamos\/programa-de-books-for-kids\/","title":{"rendered":"Programa de Books for Kids"},"content":{"rendered":"<div class=\"wpb-content-wrapper\">[vc_row][vc_column]<h3 class=\"heading-horizontal\" style=\"margin:20px 0 20px 0;\"><span>Books for Kids<\/span><\/h3><p class=\"callout2 gold\"><span>Books for Kids fue creado como un continuum de la alfabetizaci\u00f3n temprana. Proporcionando libros a ni\u00f1os de todas las edades, el programa alcanza a las familias que han tenido las ventajas de los Books for Babies y los que no lo han tenido.<\/span><\/p><br class=\"clear\" \/>[\/vc_column][\/vc_row][vc_row][vc_column][vc_column_text el_class=\u00bbintro-copy\u00bb]A petici\u00f3n, damos libros gratis, recursos de alfabetizaci\u00f3n y talleres para familias, proveedores de cuidado de ni\u00f1os, maestros, m\u00e9dicos y otros grupos de salud, programas de biblioteca y muchas organizaciones sin fines de lucro.<\/p>\n<p>Dos iniciativas comenzaron en 2014 \u2014 <strong>Book Places\/Rinc\u00f3nes del Libro<\/strong> y <strong>Partnerships\/Asociacones<\/strong> \u2014 ampliaron nuestro alcance a las familias de bajos recursos y en riesgo a trav\u00e9s de colaboraciones formales con otras organizaciones que sirven a ni\u00f1os y familias. Hoy tenemos 34 Book Places\/Rinc\u00f3nes del Libro y 10 Partnerships\/Asociacones.<\/p>\n<p>Nuestra distribuci\u00f3n anual de libros a trav\u00e9s de este programa solo est\u00e1 sobre 139,000 y aumentando. Desde su creaci\u00f3n, Books for Kids ha entregado m\u00e1s de 1.4 millon de libros nuevos y usados en buen estado.<\/p>\n<p>El programa da nuevos libros pero principalmente libros usados en buen estado, que vienen a nosotros a trav\u00e9s de varios sistemas de donaciones.<\/p>\n<p>El programa acepta las solicitudes de libros realizados en Connecticut, no fuera del estado. Las solicitudes deben ser hechas en l\u00ednea, a trav\u00e9s de este sitio web, siempre que sea posible. La ficha \u00abSolicitud de Libros\u00bb siguiente da m\u00e1s detalles y direcciones.<\/p>\n<p><strong>Para m\u00e1s detalles sobre los componentes de Books for Kids, consulte:<\/strong>[\/vc_column_text][\/vc_column][\/vc_row][vc_row][vc_column][vc_tta_tabs color=\u00bborange\u00bb spacing=\u00bb10&#8243; alignment=\u00bbcenter\u00bb active_section=\u00bb1&#8243;][vc_tta_section title=\u00bbRinc\u00f3nes<br \/>\ndel Libro\u00bb tab_id=\u00bb1457559531587-6177678f-8eab\u00bb][vc_column_text]<strong>En Connecticut, tenemos nuestros 34 <a href=\"https:\/\/readtogrow.org\/es\/como-ayudamos\/encuentre-su-rincon-del-libro\/\">Book Places\/Rinc\u00f3nes del Libro<\/a>\u00a0que son sitios en otras agencias \u2014 todas sin cost alguno \u2014 donde las familias tienen acceso a libros gratis para ni\u00f1os que pueden seleccionar y mantener.<\/strong><\/p>\n<p>Muchos sitios est\u00e1n en Centros de Recursos Familiares, que se basan en escuelas primarias p\u00fablicas. Todos los sitios permiten a los clients de las organizaciones sin fines de lucro de hospedaje y otras familias en sus comunidades para llevar los libros.<\/p>\n<p>Los Book Places\/Rinc\u00f3nes del Libro consisten de estantes de libros dedicadas, que Read to Grow reemplaza regularmente con libros. Los sitios tambi\u00e9n ofrecen a informaci\u00f3n sobre la alfabetizaci\u00f3n y recursos para padres y talleres para los trabajadores de las agencias, clientes y otras familias visitantes.<\/p>\n<p><strong>Consulte la lista completa de<\/strong><span style=\"line-height: 1.6em;\">\u00a0<\/span><strong style=\"line-height: 1.6em;\"><a href=\"https:\/\/readtogrow.org\/es\/como-ayudamos\/encuentre-su-rincon-del-libro\/\">Book Places\/Rinc\u00f3nes del Libro<\/a><\/strong><span style=\"line-height: 1.6em;\">.<\/span>[\/vc_column_text][\/vc_tta_section][vc_tta_section title=\u00bbSolicitudes<br \/>\nde Libros\u00bb tab_id=\u00bb1457559531776-089e05cf-2cec\u00bb][vc_column_text]<strong>Books for Kids ofrece libros sobre la solicitud desde dentro de Connecticut, no fuera del estado.<\/strong><\/p>\n<p>Las solicitudes deben hacerse en l\u00ednea, a trav\u00e9s de este sitio web, siempre que sea posible. (Si usted no tiene acceso a una computadora, por favor llame a su solicitud en: 203.488.6800.)<\/p>\n<p>Tenemos dos diferentes formularios de solicitud:<\/p>\n<p><a style=\"line-height: 1.6em;\" href=\"\/es\/como-ayudamos\/programa-de-books-for-kids\/formulario-de-solicitud-de-libro-de-familia\/\"><strong>Solicitud de Libro de Familia<\/strong><\/a><span style=\"line-height: 1.6em;\">\u00a0\u2014 para las familias individuales;<\/span><\/p>\n<p><a href=\"https:\/\/readtogrow.org\/es\/como-ayudamos\/programa-de-books-for-kids\/formulario-de-solicitud-de-libro-de-programa\/\"><strong>Solicitud de Programa y de <\/strong><\/a><strong><a href=\"https:\/\/readtogrow.org\/es\/como-ayudamos\/programa-de-books-for-kids\/formulario-de-solicitud-de-proveedor-de-cuidado-de-ninos-de-hogar\/\">Proveedor de Cuidado de Ni\u00f1os de Hogar<\/a>\u00a0 <\/strong>\u00a0\u2014 para los programas y los proveedores de hogares de cuidado de ni\u00f1os.<\/p>\n<p>S\u00f3lo la solicitud de libro de un programa requiere el pago de $15 si pide que Read to Grow\u00a0haga la entrega. Las entregas a las familias son gratis. Read to Grow le da la bienvenida de recoger los libros en nuestra oficina\u00a0en Brandford por gratis.[\/vc_column_text][\/vc_tta_section][vc_tta_section title=\u00bb<br \/>\nAsociacones\u00bb tab_id=\u00bb1457559653186-6b0522d3-fd4d\u00bb][vc_column_text el_class=\u00bbtight-bullets\u00bb]<strong>Nuestras 11 Asociaciones intensifican nuestro alcance a miles m\u00e1s familias de bajos ingresos, muchos de ellas biling\u00fces o s\u00f3lo de habla espa\u00f1ol.<\/strong><\/p>\n<p>Todos son colaboraciones formales con organizaciones sin fines de lucro directamente ayudando a las poblaciones necesitadas y en riesgo. A\u00f1adimos o mejoraramos los componentes de la alfabetizaci\u00f3n temprana de su trabajo.<\/p>\n<p>A trav\u00e9s de Asociaciones, nosotros :<\/p>\n<ul>\n<li>proveemos m\u00e1s datos sobre el uso de libros y las actividades de alfabetizaci\u00f3n en el hogar;<\/li>\n<li>proveemos una mayor rendici\u00f3n de cuentas a los proveedores de fondos;<\/li>\n<li>apiramos a crear eficiencias entre agencias;<\/li>\n<li>intentamos de aumentar la probabilidad de actitudes y comportamientos saludables en los hogares y las comunidades.<\/li>\n<\/ul>\n<p>10 Asociaciones con otras organizaciones sin fines de lucro incluyen:<\/p>\n<ul>\n<li><strong>Visitas a domicilio ( 6 programas o agencias):<\/strong> The Child &amp; Family Guidance Center \/ Maternal Infant Early Childhood Home Visiting (MIECHV), The Children&#8217;s Community Programs of Connecticut, Fair Haven Community Health Clinic, Inc. \/ Family Home Visiting Partnership of New Haven y Family Centered Services en New Haven; y 2 programas de Nurturing Families Network, que son: East Shore District Health Department en Branford, y Lawrence &amp; Memorial Hospital en New London.<\/li>\n<li><strong>Partidarios de cuidado de ni\u00f1os (1):<\/strong> All Our Kin en New Haven.<\/li>\n<li><strong>Bancos de alimentos (1):<\/strong> Malta Food Pantry en Hartford.<\/li>\n<li><strong>Otros programas y agencias (2):<\/strong> The Diaper Bank en New Haven y The Yale University\u00a0New Haven MOMS Partnership.<\/li>\n<\/ul>\n[\/vc_column_text][\/vc_tta_section][\/vc_tta_tabs][\/vc_column][\/vc_row]\n<\/div>","protected":false},"excerpt":{"rendered":"<p>[vc_row][vc_column][\/vc_column][\/vc_row][vc_row][vc_column][vc_column_text el_class=\u00bbintro-copy\u00bb]A petici\u00f3n, damos libros gratis, recursos de alfabetizaci\u00f3n y talleres para familias, proveedores de cuidado de ni\u00f1os, maestros, m\u00e9dicos y otros grupos de salud, programas de biblioteca y muchas organizaciones sin fines de lucro.<br \/>\nDos iniciativas comenzaron en 2014 \u2014 Book Places\/Rinc\u00f3nes del Libro y Partnerships\/Asociacones \u2014 ampliaron nuestro alcance a las familias de bajos recursos y en riesgo a trav\u00e9s de colaboraciones formales con otras organizaciones que sirven a ni\u00f1os y familias. Hoy tenemos 34 Book Places\/Rinc\u00f3nes del &#8230;<\/p>\n","protected":false},"author":1,"featured_media":0,"parent":8323,"menu_order":0,"comment_status":"closed","ping_status":"closed","template":"template_leftnav_how_we_help.php","meta":{"footnotes":""},"class_list":["post-8359","page","type-page","status-publish","hentry"],"_links":{"self":[{"href":"https:\/\/readtogrow.bulldogstudios.com\/es\/wp-json\/wp\/v2\/pages\/8359","targetHints":{"allow":["GET"]}}],"collection":[{"href":"https:\/\/readtogrow.bulldogstudios.com\/es\/wp-json\/wp\/v2\/pages"}],"about":[{"href":"https:\/\/readtogrow.bulldogstudios.com\/es\/wp-json\/wp\/v2\/types\/page"}],"author":[{"embeddable":true,"href":"https:\/\/readtogrow.bulldogstudios.com\/es\/wp-json\/wp\/v2\/users\/1"}],"replies":[{"embeddable":true,"href":"https:\/\/readtogrow.bulldogstudios.com\/es\/wp-json\/wp\/v2\/comments?post=8359"}],"version-history":[{"count":42,"href":"https:\/\/readtogrow.bulldogstudios.com\/es\/wp-json\/wp\/v2\/pages\/8359\/revisions"}],"predecessor-version":[{"id":10675,"href":"https:\/\/readtogrow.bulldogstudios.com\/es\/wp-json\/wp\/v2\/pages\/8359\/revisions\/10675"}],"up":[{"embeddable":true,"href":"https:\/\/readtogrow.bulldogstudios.com\/es\/wp-json\/wp\/v2\/pages\/8323"}],"wp:attachment":[{"href":"https:\/\/readtogrow.bulldogstudios.com\/es\/wp-json\/wp\/v2\/media?parent=8359"}],"curies":[{"name":"wp","href":"https:\/\/api.w.org\/{rel}","templated":true}]}}