{"id":8356,"date":"2016-05-03T21:18:57","date_gmt":"2016-05-03T21:18:57","guid":{"rendered":"https:\/\/readtogrow.org\/es\/?page_id=8356"},"modified":"2021-01-12T18:28:11","modified_gmt":"2021-01-12T18:28:11","slug":"programa-de-books-for-babies","status":"publish","type":"page","link":"https:\/\/readtogrow.bulldogstudios.com\/es\/como-ayudamos\/programa-de-books-for-babies\/","title":{"rendered":"Programa de Books for Babies"},"content":{"rendered":"<div class=\"wpb-content-wrapper\">[vc_row][vc_column]<h3 class=\"heading-horizontal\" style=\"margin:20px 0 20px 0;\"><span>Books for Babies<\/span><\/h3><p class=\"callout2 gold\"><span>Los padres son los primeros maestros de sus hijos. Ayudamos a los padres darse cuenta del papel importante \u2014 y divertido \u2014 que desempe\u00f1an el el desarrollo de las habilidades ling\u00fcisticas de sus beb\u00e9s, a partir de nacimiento. Este programa ofrece a los padres las herramientas b\u00e1sicas para empezar: libros de cart\u00f3n, gu\u00edas de c\u00f3mo hacerlo y otros recursos.<\/span><\/p><br class=\"clear\" \/>[vc_column_text el_class=\u00bbintro-copy\u00bb]\n<div id=\"attachment_7499\" style=\"width: 310px\" class=\"wp-caption alignright\"><a href=\"https:\/\/readtogrow.org\/es\/como-ayudamos\/programa-de-books-for-babies\/una-primera-guia-para-padres-de-recien-nacidos\/\" rel=\"attachment wp-att-7499\"><img loading=\"lazy\" decoding=\"async\" aria-describedby=\"caption-attachment-7499\" class=\"wp-image-7499 size-medium\" src=\"\/wp-content\/uploads\/a-guide-for-parents-start-screen-e1461705162453-300x195.jpg\" width=\"300\" height=\"195\" \/><\/a><p id=\"caption-attachment-7499\" class=\"wp-caption-text\">Vea nuestro video, \u201cUn Gu\u00eda Para Padres de Reci\u00e9n Nacidos.\u201d<\/p><\/div>\n<p>Books for Babies, el programa insignia de Read to Grow, comenz\u00f3 hace 20 a\u00f1os en el hospital de Yale-New Haven. Ahora en 15 hospitales, el programa ofrece un <strong>Paquete de Alfabetizaci\u00f3n<\/strong> gratis a toda madre con un reci\u00e9n nacido en esos lugares.<\/p>\n<p>Adem\u00e1s, Books for Babies ofrece libros y informaci\u00f3n de la alfabetizaci\u00f3n de infancia en 10 cl\u00ednicas en Bridgeport, Hartford, New Haven, Plainfield y Putnam. Estas cl\u00ednicas sirven a mujeres embarazadas de bajos ingresos en el cuidado prenatal y familias de bajos ingresos con infantes de 2 meses de edad en los chequeos de rutina.<\/p>\n<p>Books for Babies est\u00e1 lanzando una iniciativa tarde en 2016 para alcanzar a los futuros padres que reciben atenci\u00f3n en centros de salud comunitarios y cl\u00ednicas de atenci\u00f3n primaria.<\/p>\n<p><strong>Para obtener m\u00e1s informaci\u00f3n sobre los componentes de Books for Babies:<\/strong>[\/vc_column_text][\/vc_column][\/vc_row][vc_row][vc_column][vc_tta_tabs color=\u00bborange\u00bb alignment=\u00bbcenter\u00bb active_section=\u00bb1&#8243;][vc_tta_section title=\u00bbIn the Hospitals\u00bb tab_id=\u00bb1457541388833-f6aa77b8-b01a\u00bb][vc_row_inner][vc_column_inner width=\u00bb2\/3&#8243;][vc_column_text el_class=\u00bbtight-bullets\u00bb]\n<p><strong>Books for Babies has reached more than 347,198 newborns and their parents at 15 hospitals in Connecticut.<\/strong><\/p>\n<p>En los hospitales, nosotros:entregamos anualmente aproximadamente 22,000 Paquetes de Alfabetizaci\u00f3n a madres de reci\u00e9n nacidos, que representan el 60% de los nacimientos en el estado;<\/p>\n<ul>\n<li>tenemos alrededor de 40 voluntarios entrenados para visitar a las madres a la cabecera para hablar sobre el desarrollo de las habilidades del lenguaje de sus beb\u00e9s de manera simple, divertida y amorosa;<\/li>\n<li>ofrecemos un Seguimiento gratis a todas las madres. Les permite recibir por correo nuevos libros de cart\u00f3n para beb\u00e9s y folletos de alfabetizaci\u00f3n cuando sus beb\u00e9s cumplen 3 meses y 1 a\u00f1o;<\/li>\n<li>ofrecemos libros a los hermanos de reci\u00e9n nacidos en los hospitals.<\/li>\n<\/ul>\n<p>Los Paquetes de Alfabetizaci\u00f3n est\u00e1n disponibles en Ingl\u00e9s y versiones biling\u00fces (Espa\u00f1ol-Ingl\u00e9s). Los contenidos son:<\/p>\n<ul>\n<li>Libro de cart\u00f3n para beb\u00e9s: \u00ab\u00a1Bienvenido al mundo!\u00bb<\/li>\n<li>Folleto: \u00abPrimera Gu\u00eda para Padres de Reci\u00e9n Nacidos\u00bb<\/li>\n<li>Tarjeta de respuesta para m\u00e1s libros gratis durante el primer a\u00f1o del beb\u00e9 a trav\u00e9s de nuestro Seguimiento.<\/li>\n<li>CHET Baby Scholars informaci\u00f3n y tarjeta de respuesta<\/li>\n<\/ul>\n[\/vc_column_text][\/vc_column_inner][vc_column_inner width=\u00bb1\/3&#8243;][vc_raw_html css=\u00bb.vc_custom_1604424592412{margin-bottom: 15px !important;}\u00bb]JTNDZGl2JTIwY2xhc3MlM0QlMjJjaGFydC13cmFwcGVyJTIyJTNFJTBBJTNDdGFibGUlMjBjbGFzcyUzRCUyMnJ0Zy1jaGFydCUyMiUzRSUwQSUwOSUzQ3RyJTNFJTBBJTA5JTA5JTNDdGglMjBjb2xzcGFuJTNEJTIyMiUyMiUzRSUwQSUwOSUwOSUwOUxvcyUyMDE1JTIwSG9zcGl0YWxlcyUyMEFzb2NpYWRvcyUzQ2JyJTIwJTJGJTNFJTBBJTA5JTA5JTA5Y29uJTIwTmFjaW1pZW50b3MlM0NiciUyMCUyRiUzRXBvciUyMEElQzMlQjFvJTNDYnIlMjAlMkYlM0UlMEElMDklMDklMDklM0NzcGFuJTIwc3R5bGUlM0QlMjJmb250LXNpemUlM0ExMnB4JTIyJTNFcGFyYSUyMGVsJTIwMSUyMGRlJTIwanVsaW8lMjBkZSUyMDIwMTklMjAtJTIwMzAlMjBkZSUyMGp1bmlvJTIwZGUlMjAyMDIwJTNDJTJGc3BhbiUzRSUyMCUwQSUwOSUwOSUzQyUyRnRoJTNFJTBBJTA5JTNDJTJGdHIlM0UlMEElMDklM0N0ciUzRSUwQSUwOSUwOSUzQ3RkJTNFJTBBJTA5JTA5JTA5QmFja3VzJTIwJTBBJTA5JTA5JTNDJTJGdGQlM0UlMEElMDklMDklM0N0ZCUyMGNsYXNzJTNEJTIybnVtYmVyJTIyJTNFJTBBJTA5JTA5JTA5ODUxJTIwJTBBJTA5JTA5JTNDJTJGdGQlM0UlMEElMDklM0MlMkZ0ciUzRSUwQSUwOSUzQ3RyJTNFJTBBJTA5JTA5JTNDdGQlM0UlMEElMDklMDklMDlCcmlkZ2Vwb3J0JTIwJTBBJTA5JTA5JTNDJTJGdGQlM0UlMEElMDklMDklM0N0ZCUyMGNsYXNzJTNEJTIybnVtYmVyJTIyJTNFJTBBJTA5JTA5JTA5MiUyQzMzMCUwQSUwOSUwOSUzQyUyRnRkJTNFJTBBJTA5JTNDJTJGdHIlM0UlMEElMDklM0N0ciUzRSUwQSUwOSUwOSUzQ3RkJTNFJTBBJTA5JTA5JTA5Q2hhcmxvdHRlJTIwSHVuZ2VyZm9yZCUyMCUwQSUwOSUwOSUzQyUyRnRkJTNFJTBBJTA5JTA5JTNDdGQlMjBjbGFzcyUzRCUyMm51bWJlciUyMiUzRSUwQSUwOSUwOSUwOTM3MyUyMCUwQSUwOSUwOSUzQyUyRnRkJTNFJTBBJTA5JTNDJTJGdHIlM0UlMEElMDklM0N0ciUzRSUwQSUwOSUwOSUzQ3RkJTNFJTBBJTA5JTA5JTA5Q29ubmVjdGljdXQlMjBDaGlsZHJlbiVFMiU4MCU5OXMlMEElMDklMDklM0MlMkZ0ZCUzRSUwQSUwOSUwOSUzQ3RkJTIwY2xhc3MlM0QlMjJudW1iZXIlMjIlM0UlMEElMDklMDklMDk2MDAlMjAlMEElMDklMDklM0MlMkZ0ZCUzRSUwQSUwOSUzQyUyRnRyJTNFJTBBJTA5JTNDdHIlM0UlMEElMDklMDklM0N0ZCUzRSUwQSUwOSUwOSUwOURheSUyMEtpbWJhbGwlMEElMDklMDklM0MlMkZ0ZCUzRSUwQSUwOSUwOSUzQ3RkJTIwY2xhc3MlM0QlMjJudW1iZXIlMjIlM0UlMEElMDklMDklMDk0MzglMjAlMEElMDklMDklM0MlMkZ0ZCUzRSUwQSUwOSUzQyUyRnRyJTNFJTBBJTA5JTNDdHIlM0UlMEElMDklMDklM0N0ZCUzRSUwQSUwOSUwOSUwOUdyaWZmaW4lMjAlMEElMDklMDklM0MlMkZ0ZCUzRSUwQSUwOSUwOSUzQ3RkJTIwY2xhc3MlM0QlMjJudW1iZXIlMjIlM0UlMEElMDklMDklMDk1MTYlMjAlMEElMDklMDklM0MlMkZ0ZCUzRSUwQSUwOSUzQyUyRnRyJTNFJTBBJTA5JTNDdHIlM0UlMEElMDklMDklM0N0ZCUzRSUwQSUwOSUwOSUwOUhhcnRmb3JkJTIwJTBBJTA5JTA5JTNDJTJGdGQlM0UlMEElMDklMDklM0N0ZCUyMGNsYXNzJTNEJTIybnVtYmVyJTIyJTNFJTBBJTA5JTA5JTA5MyUyQzc2NSUyMCUwQSUwOSUwOSUzQyUyRnRkJTNFJTBBJTA5JTNDJTJGdHIlM0UlMEElMDklM0N0ciUzRSUwQSUwOSUwOSUzQ3RkJTNFJTBBJTA5JTA5JTA5TGF3cmVuY2UlMjAlMkIlMjBNZW1vcmlhbCUyMCUwQSUwOSUwOSUzQyUyRnRkJTNFJTBBJTA5JTA5JTNDdGQlMjBjbGFzcyUzRCUyMm51bWJlciUyMiUzRSUwQSUwOSUwOSUwOTElMkMzMzMlMEElMDklMDklM0MlMkZ0ZCUzRSUwQSUwOSUzQyUyRnRyJTNFJTBBJTA5JTNDdHIlM0UlMEElMDklMDklM0N0ZCUzRSUwQSUwOSUwOSUwOU1hbmNoZXN0ZXIlMjAlMEElMDklMDklM0MlMkZ0ZCUzRSUwQSUwOSUwOSUzQ3RkJTIwY2xhc3MlM0QlMjJudW1iZXIlMjIlM0UlMEElMDklMDklMDkxJTJDNDIyJTIwJTBBJTA5JTA5JTNDJTJGdGQlM0UlMEElMDklM0MlMkZ0ciUzRSUwQSUwOSUzQ3RyJTNFJTBBJTA5JTA5JTNDdGQlM0UlMEElMDklMDklMDlNaWRkbGVzZXglMjAlMEElMDklMDklM0MlMkZ0ZCUzRSUwQSUwOSUwOSUzQ3RkJTIwY2xhc3MlM0QlMjJudW1iZXIlMjIlM0UlMEElMDklMDklMDk5NTYlMjAlMEElMDklMDklM0MlMkZ0ZCUzRSUwQSUwOSUzQyUyRnRyJTNFJTBBJTA5JTNDdHIlM0UlMEElMDklMDklM0N0ZCUzRSUwQSUwOSUwOSUwOVNhaW50JTIwRnJhbmNpcyUyMCUwQSUwOSUwOSUzQyUyRnRkJTNFJTBBJTA5JTA5JTNDdGQlMjBjbGFzcyUzRCUyMm51bWJlciUyMiUzRSUwQSUwOSUwOSUwOTIlMkM1MTIlMjAlMEElMDklMDklM0MlMkZ0ZCUzRSUwQSUwOSUzQyUyRnRyJTNFJTBBJTA5JTNDdHIlM0UlMEElMDklMDklM0N0ZCUzRSUwQSUwOSUwOSUwOVNhaW50JTIwVmluY2VudCUyNnJzcXVvJTNCcyUyMCUwQSUwOSUwOSUzQyUyRnRkJTNFJTBBJTA5JTA5JTNDdGQlMjBjbGFzcyUzRCUyMm51bWJlciUyMiUzRSUwQSUwOSUwOSUwOTcyMyUyMCUwQSUwOSUwOSUzQyUyRnRkJTNFJTBBJTA5JTNDJTJGdHIlM0UlMEElMDklM0N0ciUzRSUwQSUwOSUwOSUzQ3RkJTNFJTBBJTA5JTA5JTA5U2hhcm9uJTIwJTBBJTA5JTA5JTNDJTJGdGQlM0UlMEElMDklMDklM0N0ZCUyMGNsYXNzJTNEJTIybnVtYmVyJTIyJTNFJTBBJTA5JTA5JTA5MjAxJTIwJTBBJTA5JTA5JTNDJTJGdGQlM0UlMEElMDklM0MlMkZ0ciUzRSUwQSUwOSUzQ3RyJTNFJTBBJTA5JTA5JTNDdGQlM0UlMEElMDklMDklMDlZYWxlLU5ldyUyMEhhdmVuJTIwJTBBJTA5JTA5JTNDJTJGdGQlM0UlMEElMDklMDklM0N0ZCUyMGNsYXNzJTNEJTIybnVtYmVyJTIyJTNFJTBBJTA5JTA5JTA5NCUyQzY1OSUyMCUwQSUwOSUwOSUzQyUyRnRkJTNFJTBBJTA5JTNDJTJGdHIlM0UlMEElMDklM0N0ciUzRSUwQSUwOSUwOSUzQ3RkJTNFJTBBJTA5JTA5JTA5WU5ISC1TYWludCUyMFJhcGhhZWwlMjAlMEElMDklMDklM0MlMkZ0ZCUzRSUwQSUwOSUwOSUzQ3RkJTIwY2xhc3MlM0QlMjJudW1iZXIlMjIlM0UlMEElMDklMDklMDkxJTJDMDgzJTBBJTA5JTA5JTNDJTJGdGQlM0UlMEElMDklM0MlMkZ0ciUzRSUwQSUwOSUzQ3RyJTNFJTBBJTA5JTA5JTNDdGQlM0UlMEElMDklMDklMDlUT1RBTCUyMCUwQSUwOSUwOSUzQyUyRnRkJTNFJTBBJTA5JTA5JTNDdGQlMjBjbGFzcyUzRCUyMm51bWJlciUyMiUzRSUwQSUwOSUwOSUwOTIxJTJDMTYyJTBBJTA5JTA5JTNDJTJGdGQlM0UlMEElMDklM0MlMkZ0ciUzRSUwQSUzQyUyRnRhYmxlJTNFJTBBJTNDJTJGZGl2JTNF[\/vc_raw_html][\/vc_column_inner][\/vc_row_inner][\/vc_tta_section][vc_tta_section title=\u00bbIn Prenatal Care\u00bb tab_id=\u00bb1457541458606-0f9b32f4-12be\u00bb][vc_column_text]<strong>El programa de Books for Babies contin\u00faa expandiendo nuestro trabajo a los centros de salud comunitarios y cl\u00ednicas de atenci\u00f3n primaria donde las mujeres embarazadas reciben atenci\u00f3n<\/strong>.<\/p>\n<p>El objetivo de nuestro Prenatal Project basado en las necesidades es <em>apoyar el<\/em> <em>conocimiento y las interacciones de las familias<\/em> <em>para que los padres desarrollen rutinas de lectura y se<\/em> <em>relacionen con sus beb\u00e9s<\/em> desde el nacimiento. Los proveedores de atenci\u00f3n m\u00e9dica transmiten nuestro mensaje de alfabetizaci\u00f3n y distribuyen nuestros materiales de alfabetizaci\u00f3n a sus pacientes sin costo para las familias, incluidos los libros de cart\u00f3n para beb\u00e9s que ayudan a los padres a <em>establecer una<\/em> <em>biblioteca en el hogar para sus hijos.<\/em><\/p>\n<p>Actualmente nos asociamos con los siguientes proveedores para entregar nuestro Proyecto Prenatal:<\/p>\n<ul>\n<li>Charter Oak Health Center en Hartford<\/li>\n<li>Cornell Scott-Hill Health Center en New Haven<\/li>\n<li>Connecticut Children&#8217;s &#8211; Neonatal Follow-Up Clinic en Hartford<\/li>\n<li>Day Kimball Healthcare en Plainfield<\/li>\n<li>Day Kimball Medical Group OB\/GYN en Putnam<\/li>\n<li>Fair Haven Community Health Center en New Haven<\/li>\n<li>Optimus Health Care en Bridgeport<\/li>\n<li>Southwest Community Health Center en Bridgeport (3 ubicaciones)<\/li>\n<li>UCONN Health Parenting Program en West Hartford<\/li>\n<li>Yale Maternal Fetal Medicine en New Haven<\/li>\n<\/ul>\n<p>\u00bfEs usted un proveedor de atenci\u00f3n m\u00e9dica interesado en asociarse con Read to Grow? Env\u00ede un correo electr\u00f3nico a readtogrow@readtogrow.org o llame al 203-488-6800 y pida hablar con un Coordinadora de Books for Babies.[\/vc_column_text][\/vc_tta_section][\/vc_tta_tabs][\/vc_column][\/vc_row]\n<\/div>","protected":false},"excerpt":{"rendered":"<p>[vc_row][vc_column][vc_column_text el_class=\u00bbintro-copy\u00bb]<br \/>\nBooks for Babies, el programa insignia de Read to Grow, comenz\u00f3 hace 20 a\u00f1os en el hospital de Yale-New Haven. Ahora en 15 hospitales, el programa ofrece un Paquete de Alfabetizaci\u00f3n gratis a toda madre con un reci\u00e9n nacido en esos lugares.<br \/>\nAdem\u00e1s, Books for Babies ofrece libros y informaci\u00f3n de la alfabetizaci\u00f3n de infancia en 10 cl\u00ednicas en Bridgeport, Hartford, New Haven, Plainfield y Putnam. Estas cl\u00ednicas sirven a mujeres embarazadas de bajos ingresos en el cuidado &#8230;<\/p>\n","protected":false},"author":1,"featured_media":0,"parent":8323,"menu_order":0,"comment_status":"closed","ping_status":"closed","template":"template_leftnav_how_we_help.php","meta":{"footnotes":""},"class_list":["post-8356","page","type-page","status-publish","hentry"],"_links":{"self":[{"href":"https:\/\/readtogrow.bulldogstudios.com\/es\/wp-json\/wp\/v2\/pages\/8356","targetHints":{"allow":["GET"]}}],"collection":[{"href":"https:\/\/readtogrow.bulldogstudios.com\/es\/wp-json\/wp\/v2\/pages"}],"about":[{"href":"https:\/\/readtogrow.bulldogstudios.com\/es\/wp-json\/wp\/v2\/types\/page"}],"author":[{"embeddable":true,"href":"https:\/\/readtogrow.bulldogstudios.com\/es\/wp-json\/wp\/v2\/users\/1"}],"replies":[{"embeddable":true,"href":"https:\/\/readtogrow.bulldogstudios.com\/es\/wp-json\/wp\/v2\/comments?post=8356"}],"version-history":[{"count":43,"href":"https:\/\/readtogrow.bulldogstudios.com\/es\/wp-json\/wp\/v2\/pages\/8356\/revisions"}],"predecessor-version":[{"id":10749,"href":"https:\/\/readtogrow.bulldogstudios.com\/es\/wp-json\/wp\/v2\/pages\/8356\/revisions\/10749"}],"up":[{"embeddable":true,"href":"https:\/\/readtogrow.bulldogstudios.com\/es\/wp-json\/wp\/v2\/pages\/8323"}],"wp:attachment":[{"href":"https:\/\/readtogrow.bulldogstudios.com\/es\/wp-json\/wp\/v2\/media?parent=8356"}],"curies":[{"name":"wp","href":"https:\/\/api.w.org\/{rel}","templated":true}]}}