{"id":8309,"date":"2016-05-03T18:16:22","date_gmt":"2016-05-03T18:16:22","guid":{"rendered":"https:\/\/readtogrow.org\/es\/?page_id=8309"},"modified":"2016-05-25T12:34:10","modified_gmt":"2016-05-25T12:34:10","slug":"contactenos","status":"publish","type":"page","link":"https:\/\/readtogrow.bulldogstudios.com\/es\/contactenos\/","title":{"rendered":"Cont\u00e1ctenos"},"content":{"rendered":"<div class=\"wpb-content-wrapper\">[vc_row][vc_column][vc_column_text el_class=\u00bbspanish-disclaimer\u00bb]\n<p style=\"text-align: center;\"><strong>Esta p\u00e1gina est\u00e1 siendo traducida al espa\u00f1ol. Gracias por su paciencia.<\/strong><\/p>\n[\/vc_column_text][\/vc_column][\/vc_row][vc_row][vc_column width=\u00bb1\/3&#8243;][vc_column_text]\n<h5><span style=\"color: #b7282c;\">Office \/ Warehouse<\/span><\/h5>\n<p>Read to Grow, Inc.<br \/>\n53 School Ground Road, Unit 3<br \/>\nBranford, CT 06405<\/p>\n<i class=\"fa fa-phone-square fa-1x\" style=\"color:#c99a5b;\"><\/i> Tel: (203) 488-6800<\/p>\n<i class=\"fa fa-fax fa-1x\" style=\"color:#c99a5b;\"><\/i> Fax: (203) 488-7735<\/p>\n<i class=\"fa fa-envelope-square fa-1x\" style=\"color:#c99a5b;\"><\/i> Email: <a href=\"mailto:readtogrow@readtogrow.org\">readtogrow@readtogrow.org<\/a>[\/vc_column_text][\/vc_column][vc_column width=\u00bb2\/3&#8243;][vc_gmaps link=\u00bb#E-8_JTNDaWZyYW1lJTIwc3JjJTNEJTIyaHR0cHMlM0ElMkYlMkZ3d3cuZ29vZ2xlLmNvbSUyRm1hcHMlMkZlbWJlZCUzRnBiJTNEJTIxMW0xNCUyMTFtOCUyMTFtMyUyMTFkMjc4Ni44OTUwNzk2MzkwNzczJTIxMmQtNzIuNzY3MjU1NTQ3ODgzOTYlMjEzZDQxLjMwMjU1ODQxMTQ5NTYyJTIxM20yJTIxMWkxMDI0JTIxMmk3NjglMjE0ZjEzLjElMjEzbTMlMjExbTIlMjExczB4ODllN2Q0NjdjMGY0ZWVkZCUyNTNBMHgxYThjMDZlZmYzZDBiNzM2JTIxMnM1MyUyQlNjaG9vbCUyQkdyb3VuZCUyQlJkJTI1MkMlMkJCcmFuZm9yZCUyNTJDJTJCQ1QlMkIwNjQwNSUyMTVlMCUyMTNtMiUyMTFzZW4lMjEyc3VzJTIxNHYxNDU1NzI3MzAzMDIzJTIyJTIwd2lkdGglM0QlMjI5ODAlMjIlMjBoZWlnaHQlM0QlMjIzMDAlMjIlMjBmcmFtZWJvcmRlciUzRCUyMjAlMjIlMjBzdHlsZSUzRCUyMmJvcmRlciUzQTAlMjIlMjBhbGxvd2Z1bGxzY3JlZW4lM0UlM0MlMkZpZnJhbWUlM0U=\u00bb size=\u00bb250&#8243; css=\u00bb.vc_custom_1457102994995{margin-top: 0px !important;margin-right: 0px !important;margin-bottom: 0px !important;margin-left: 0px !important;border-top-width: 0px !important;border-right-width: 0px !important;border-bottom-width: 0px !important;border-left-width: 0px !important;padding-top: 0px !important;padding-right: 0px !important;padding-bottom: 0px !important;padding-left: 0px !important;}\u00bb][\/vc_column][\/vc_row][vc_row][vc_column][vc_column_text]\n<h5><span style=\"color: #b7282c;\">Hours<\/span><\/h5>\n<p>We are open Monday through Friday, 9:00 am \u2013 5:00 pm.<\/p>\n<p>For book donation drop-offs, please call the office to arrange a day and time. When you donate books, we can give you a receipt for your taxes and thank you in person.<\/p>\n<p>If you arrive after hours, drive around to the back of our building and leave books in the plastic bin designated for books. Please also leave us a note with your name, address, phone and email so we can properly acknowledge your donation.<\/p>\n<p>We are closed Saturday and Sunday.[\/vc_column_text][\/vc_column][\/vc_row]\n<\/div>","protected":false},"excerpt":{"rendered":"<p>[vc_row][vc_column][vc_column_text el_class=\u00bbspanish-disclaimer\u00bb]<br \/>\nEsta p\u00e1gina est\u00e1 siendo traducida al espa\u00f1ol. Gracias por su paciencia.<br \/>\n[\/vc_column_text][\/vc_column][\/vc_row][vc_row][vc_column width=\u00bb1\/3&#8243;][vc_column_text]<br \/>\nOffice \/ Warehouse<br \/>\nRead to Grow, Inc.<br \/>\n53 School Ground Road, Unit 3<br \/>\nBranford, CT 06405<br \/>\n Tel: (203) 488-6800<br \/>\n Fax: (203) 488-7735<br \/>\n Email: readtogrow@readtogrow.org[\/vc_column_text][\/vc_column][vc_column width=\u00bb2\/3&#8243;][vc_gmaps link=\u00bb#E-8_JTNDaWZyYW1lJTIwc3JjJTNEJTIyaHR0cHMlM0ElMkYlMkZ3d3cuZ29vZ2xlLmNvbSUyRm1hcHMlMkZlbWJlZCUzRnBiJTNEJTIxMW0xNCUyMTFtOCUyMTFtMyUyMTFkMjc4Ni44OTUwNzk2MzkwNzczJTIxMmQtNzIuNzY3MjU1NTQ3ODgzOTYlMjEzZDQxLjMwMjU1ODQxMTQ5NTYyJTIxM20yJTIxMWkxMDI0JTIxMmk3NjglMjE0ZjEzLjElMjEzbTMlMjExbTIlMjExczB4ODllN2Q0NjdjMGY0ZWVkZCUyNTNBMHgxYThjMDZlZmYzZDBiNzM2JTIxMnM1MyUyQlNjaG9vbCUyQkdyb3VuZCUyQlJkJTI1MkMlMkJCcmFuZm9yZCUyNTJDJTJCQ1QlMkIwNjQwNSUyMTVlMCUyMTNtMiUyMTFzZW4lMjEyc3VzJTIxNHYxNDU1NzI3MzAzMDIzJTIyJTIwd2lkdGglM0QlMjI5ODAlMjIlMjBoZWlnaHQlM0QlMjIzMDAlMjIlMjBmcmFtZWJvcmRlciUzRCUyMjAlMjIlMjBzdHlsZSUzRCUyMmJvcmRlciUzQTAlMjIlMjBhbGxvd2Z1bGxzY3JlZW4lM0UlM0MlMkZpZnJhbWUlM0U=\u00bb size=\u00bb250&#8243; css=\u00bb.vc_custom_1457102994995{margin-top: 0px !important;margin-right: 0px !important;margin-bottom: 0px !important;margin-left: 0px !important;border-top-width: 0px !important;border-right-width: 0px !important;border-bottom-width: 0px !important;border-left-width: 0px !important;padding-top: 0px !important;padding-right: 0px !important;padding-bottom: 0px !important;padding-left: 0px !important;}\u00bb][\/vc_column][\/vc_row][vc_row][vc_column][vc_column_text]<br \/>\nHours<br \/>\nWe are open Monday through Friday, 9:00 am \u2013 &#8230;<\/p>\n","protected":false},"author":1,"featured_media":0,"parent":0,"menu_order":0,"comment_status":"closed","ping_status":"closed","template":"template-full-width.php","meta":{"footnotes":""},"class_list":["post-8309","page","type-page","status-publish","hentry"],"_links":{"self":[{"href":"https:\/\/readtogrow.bulldogstudios.com\/es\/wp-json\/wp\/v2\/pages\/8309","targetHints":{"allow":["GET"]}}],"collection":[{"href":"https:\/\/readtogrow.bulldogstudios.com\/es\/wp-json\/wp\/v2\/pages"}],"about":[{"href":"https:\/\/readtogrow.bulldogstudios.com\/es\/wp-json\/wp\/v2\/types\/page"}],"author":[{"embeddable":true,"href":"https:\/\/readtogrow.bulldogstudios.com\/es\/wp-json\/wp\/v2\/users\/1"}],"replies":[{"embeddable":true,"href":"https:\/\/readtogrow.bulldogstudios.com\/es\/wp-json\/wp\/v2\/comments?post=8309"}],"version-history":[{"count":6,"href":"https:\/\/readtogrow.bulldogstudios.com\/es\/wp-json\/wp\/v2\/pages\/8309\/revisions"}],"predecessor-version":[{"id":8543,"href":"https:\/\/readtogrow.bulldogstudios.com\/es\/wp-json\/wp\/v2\/pages\/8309\/revisions\/8543"}],"wp:attachment":[{"href":"https:\/\/readtogrow.bulldogstudios.com\/es\/wp-json\/wp\/v2\/media?parent=8309"}],"curies":[{"name":"wp","href":"https:\/\/api.w.org\/{rel}","templated":true}]}}