{"id":8282,"date":"2016-05-03T17:07:25","date_gmt":"2016-05-03T17:07:25","guid":{"rendered":"https:\/\/readtogrow.org\/es\/?page_id=8282"},"modified":"2017-05-02T13:02:30","modified_gmt":"2017-05-02T13:02:30","slug":"reportes-anuales","status":"publish","type":"page","link":"https:\/\/readtogrow.bulldogstudios.com\/es\/sobre-nosotros\/reportes-anuales\/","title":{"rendered":"Reportes Anuales"},"content":{"rendered":"<div class=\"wpb-content-wrapper\">[vc_row][vc_column]<h3 class=\"heading-horizontal\" style=\"margin:20px 0 20px 0;\"><span>Reportes Anuales<\/span><\/h3>[\/vc_column][\/vc_row][vc_row][vc_column][vc_column_text el_class=\u00bbspanish-disclaimer\u00bb]\n<p style=\"text-align: center;\"><strong>Esta p\u00e1gina est\u00e1 siendo traducida al espa\u00f1ol. Gracias por su paciencia.<\/strong><\/p>\n[\/vc_column_text][vc_column_text]\n<p style=\"text-align: center;\">A copy of Form 990 and audited financials are available on request at <a href=\"mailto:readtogrow@readtogrow.org\">readtogrow@readtogrow.org<\/a>.<\/p>\n[\/vc_column_text][\/vc_column][\/vc_row][vc_row][vc_column width=\u00bb1\/3&#8243;]<div class=\"true-icon-box tt_  FYscyLNZ\"><span class=\"fa-stack fa-3x\"><i class=\"fa fa-circle fa-stack-2x\"><\/i><i class=\"fa fa fa-file-text-o fa-stack-1x fa-inverse\"><\/i><\/span>\n<h3>2016<br \/>\nAnnual Report<\/h3>\n<p><span style=\"color: #b01f30;\">DOWNLOAD PDF<\/span><\/p><a class=\"overlay-link\" href=\"\/wp-content\/uploads\/RTG-Annual-Report-2016.pdf\" target=\"\" title=\"\"><\/a><\/div>[\/vc_column][vc_column width=\u00bb1\/3&#8243;]<div class=\"true-icon-box tt_  KIlgIYnG\"><span class=\"fa-stack fa-3x\"><i class=\"fa fa-circle fa-stack-2x\"><\/i><i class=\"fa fa fa-file-text-o fa-stack-1x fa-inverse\"><\/i><\/span>\n<h3>2015<br \/>\nAnnual Report<\/h3>\n<p><span style=\"color: #b01f30;\">DOWNLOAD PDF<\/span><\/p><a class=\"overlay-link\" href=\"\/wp-content\/uploads\/RTG-Annual-Report-2015.pdf\" target=\"\" title=\"\"><\/a><\/div>[\/vc_column][vc_column width=\u00bb1\/3&#8243;]<div class=\"true-icon-box tt_  xYzYGMYe\"><span class=\"fa-stack fa-3x\"><i class=\"fa fa-circle fa-stack-2x\"><\/i><i class=\"fa fa fa-file-text-o fa-stack-1x fa-inverse\"><\/i><\/span>\n<h3>2014<br \/>\nAnnual Report<\/h3>\n<p><span style=\"color: #b01f30;\">DOWNLOAD PDF<\/span><\/p><a class=\"overlay-link\" href=\"\/wp-content\/uploads\/RTG-Annual-Report-2014.pdf\" target=\"\" title=\"\"><\/a><\/div>[\/vc_column][\/vc_row][vc_row][vc_column width=\u00bb1\/3&#8243;]<div class=\"true-icon-box tt_  TwmNeFRn\"><span class=\"fa-stack fa-3x\"><i class=\"fa fa-circle fa-stack-2x\"><\/i><i class=\"fa fa fa-file-text-o fa-stack-1x fa-inverse\"><\/i><\/span>\n<h3>2013<br \/>\nAnnual Report<\/h3>\n<p><span style=\"color: #b01f30;\">DOWNLOAD PDF<\/span><\/p><a class=\"overlay-link\" href=\"\/wp-content\/uploads\/RTG-Annual-Report-2013.pdf\" target=\"\" title=\"\"><\/a><\/div>[\/vc_column][vc_column width=\u00bb1\/3&#8243;]<div class=\"true-icon-box tt_  ZkgxNoAq\"><span class=\"fa-stack fa-3x\"><i class=\"fa fa-circle fa-stack-2x\"><\/i><i class=\"fa fa fa-file-text-o fa-stack-1x fa-inverse\"><\/i><\/span>\n<h3>2012<br \/>\nAnnual Report<\/h3>\n<p><span style=\"color: #b01f30;\">DOWNLOAD PDF<\/span><\/p><a class=\"overlay-link\" href=\"\/wp-content\/uploads\/RTG-Annual-Report-2012.pdf\" target=\"\" title=\"\"><\/a><\/div>[\/vc_column][vc_column width=\u00bb1\/3&#8243;]<div class=\"true-icon-box tt_  MaYTKqYa\"><span class=\"fa-stack fa-3x\"><i class=\"fa fa-circle fa-stack-2x\"><\/i><i class=\"fa fa fa-file-text-o fa-stack-1x fa-inverse\"><\/i><\/span>\n<h3>2011<br \/>\nAnnual Report<\/h3>\n<p><span style=\"color: #b01f30;\">DOWNLOAD PDF<\/span><\/p><a class=\"overlay-link\" href=\"\/wp-content\/uploads\/RTG-Annual-Report-2011.pdf\" target=\"\" title=\"\"><\/a><\/div>[\/vc_column][\/vc_row][vc_row][vc_column width=\u00bb1\/3&#8243;]<div class=\"true-icon-box tt_  BFgTcaQK\"><span class=\"fa-stack fa-3x\"><i class=\"fa fa-circle fa-stack-2x\"><\/i><i class=\"fa fa fa-file-text-o fa-stack-1x fa-inverse\"><\/i><\/span>\n<h3>2010<br \/>\nAnnual Report<\/h3>\n<p><span style=\"color: #b01f30;\">DOWNLOAD PDF<\/span><\/p><a class=\"overlay-link\" href=\"\/wp-content\/uploads\/RTG-Annual-Report-2010.pdf\" target=\"\" title=\"\"><\/a><\/div>[\/vc_column][vc_column width=\u00bb1\/3&#8243;]<div class=\"true-icon-box tt_  iWpZjSJq\"><span class=\"fa-stack fa-3x\"><i class=\"fa fa-circle fa-stack-2x\"><\/i><i class=\"fa fa fa-file-text-o fa-stack-1x fa-inverse\"><\/i><\/span>\n<h3>2009<br \/>\nAnnual Report<\/h3>\n<p><span style=\"color: #b01f30;\">DOWNLOAD PDF<\/span><\/p><a class=\"overlay-link\" href=\"\/wp-content\/uploads\/RTG-Annual-Report-2009.pdf\" target=\"\" title=\"\"><\/a><\/div>[\/vc_column][vc_column width=\u00bb1\/3&#8243;]<div class=\"true-icon-box tt_  KsrDqogB\"><span class=\"fa-stack fa-3x\"><i class=\"fa fa-circle fa-stack-2x\"><\/i><i class=\"fa fa fa-file-text-o fa-stack-1x fa-inverse\"><\/i><\/span>\n<h3>2008<br \/>\nAnnual Report<\/h3>\n<p><span style=\"color: #b01f30;\">DOWNLOAD PDF<\/span><\/p><a class=\"overlay-link\" href=\"\/wp-content\/uploads\/RTG-Annual-Report-2008.pdf\" target=\"\" title=\"\"><\/a><\/div>[\/vc_column][\/vc_row]\n<\/div>","protected":false},"excerpt":{"rendered":"<p>[vc_row][vc_column][\/vc_column][\/vc_row][vc_row][vc_column][vc_column_text el_class=\u00bbspanish-disclaimer\u00bb]<br \/>\nEsta p\u00e1gina est\u00e1 siendo traducida al espa\u00f1ol. Gracias por su paciencia.<br \/>\n[\/vc_column_text][vc_column_text]<br \/>\nA copy of Form 990 and audited financials are available on request at readtogrow@readtogrow.org.<br \/>\n[\/vc_column_text][\/vc_column][\/vc_row][vc_row][vc_column width=\u00bb1\/3&#8243;][\/vc_column][vc_column width=\u00bb1\/3&#8243;][\/vc_column][vc_column width=\u00bb1\/3&#8243;][\/vc_column][\/vc_row][vc_row][vc_column width=\u00bb1\/3&#8243;][\/vc_column][vc_column width=\u00bb1\/3&#8243;][\/vc_column][vc_column width=\u00bb1\/3&#8243;][\/vc_column][\/vc_row][vc_row][vc_column width=\u00bb1\/3&#8243;][\/vc_column][vc_column width=\u00bb1\/3&#8243;][\/vc_column][vc_column width=\u00bb1\/3&#8243;][\/vc_column][\/vc_row]<\/p>\n","protected":false},"author":1,"featured_media":0,"parent":8280,"menu_order":0,"comment_status":"closed","ping_status":"closed","template":"template_leftnav_secondary.php","meta":{"footnotes":""},"class_list":["post-8282","page","type-page","status-publish","hentry"],"_links":{"self":[{"href":"https:\/\/readtogrow.bulldogstudios.com\/es\/wp-json\/wp\/v2\/pages\/8282","targetHints":{"allow":["GET"]}}],"collection":[{"href":"https:\/\/readtogrow.bulldogstudios.com\/es\/wp-json\/wp\/v2\/pages"}],"about":[{"href":"https:\/\/readtogrow.bulldogstudios.com\/es\/wp-json\/wp\/v2\/types\/page"}],"author":[{"embeddable":true,"href":"https:\/\/readtogrow.bulldogstudios.com\/es\/wp-json\/wp\/v2\/users\/1"}],"replies":[{"embeddable":true,"href":"https:\/\/readtogrow.bulldogstudios.com\/es\/wp-json\/wp\/v2\/comments?post=8282"}],"version-history":[{"count":9,"href":"https:\/\/readtogrow.bulldogstudios.com\/es\/wp-json\/wp\/v2\/pages\/8282\/revisions"}],"predecessor-version":[{"id":9127,"href":"https:\/\/readtogrow.bulldogstudios.com\/es\/wp-json\/wp\/v2\/pages\/8282\/revisions\/9127"}],"up":[{"embeddable":true,"href":"https:\/\/readtogrow.bulldogstudios.com\/es\/wp-json\/wp\/v2\/pages\/8280"}],"wp:attachment":[{"href":"https:\/\/readtogrow.bulldogstudios.com\/es\/wp-json\/wp\/v2\/media?parent=8282"}],"curies":[{"name":"wp","href":"https:\/\/api.w.org\/{rel}","templated":true}]}}