{"id":8280,"date":"2016-05-03T17:02:47","date_gmt":"2016-05-03T17:02:47","guid":{"rendered":"https:\/\/readtogrow.org\/es\/?page_id=8280"},"modified":"2022-01-18T22:32:55","modified_gmt":"2022-01-18T22:32:55","slug":"sobre-nosotros","status":"publish","type":"page","link":"https:\/\/readtogrow.bulldogstudios.com\/es\/sobre-nosotros\/","title":{"rendered":"Sobre Nosotros"},"content":{"rendered":"<div class=\"wpb-content-wrapper\">[vc_row][vc_column]<h3 class=\"heading-horizontal\" style=\"margin:20px 0 20px 0;\"><span>Nuestra Misi\u00f3n<\/span><\/h3><p class=\"callout2 center\"><span>Nuestra misi\u00f3n es promover las habilidades del lenguaje y la alfabetizaci\u00f3n para los ni\u00f1os,\u00a0desde el nacimiento, y apoyar a los padres como los primeros maestros de sus beb\u00e9s.<\/span><\/p><br class=\"clear\" \/>[vc_raw_html]JTNDZGl2JTIwaWQlM0QlMjJ2aXNpb24lMjIlM0UlM0MlMkZkaXYlM0U=[\/vc_raw_html]<h3 class=\"heading-horizontal\" style=\"margin:20px 0 20px 0;\"><span>Nuestra Visi\u00f3n<\/span><\/h3>[vc_column_text el_class=\u00bbintro-copy spanish-disclaimer\u00bb]\n<p style=\"text-align: center;\"><strong>Esta p\u00e1gina est\u00e1 siendo traducida al espa\u00f1ol. Gracias por su paciencia.<\/strong><\/p>\n[\/vc_column_text]<p class=\"callout2 center\"><span>Every family will understand the critical importance of early childhood literacy and will take an active role in their child\u2019s reading development. All children in Connecticut will have books of their own.<\/span><\/p><br class=\"clear\" \/><div class=\"hr_gap\" style=\"height:50px;\"><\/div>[vc_single_image image=\u00bb6739&#8243; img_size=\u00bbfull\u00bb alignment=\u00bbcenter\u00bb][vc_raw_html]JTNDZGl2JTIwaWQlM0QlMjJib2FyZCUyMiUzRSUzQyUyRmRpdiUzRQ==[\/vc_raw_html]<div class=\"hr_gap\" style=\"height:30px;\"><\/div><h3 class=\"heading-horizontal\" style=\"margin:20px 0 20px 0;\"><span>Junta Directiva<\/span><\/h3>[vc_column_text el_class=\u00bbintro-copy spanish-disclaimer\u00bb]\n<p style=\"text-align: center;\"><strong>Esta p\u00e1gina est\u00e1 siendo traducida al espa\u00f1ol. Gracias por su paciencia.<\/strong><\/p>\n[\/vc_column_text][vc_column_text]<strong>Jeff Hartmann<\/strong>, Board Chair<br \/>\n<em>Founder, CEO The Hartmann Group, Old Saybrook<\/em><\/p>\n<p><em><strong>Lisa Maass<\/strong>, Vice Chair<br \/>\nPresident,\u00a0 Citizens Bank CT, New Haven<\/em><\/p>\n<p><strong>Carla M. Horwitz, <\/strong>Secretary<br \/>\nEd.D.<em>, <\/em><em>Lecturer, Yale Child Study Center &amp; Department of Psychology; Director Emerita, Calvin Hill Day Care Center &amp; Kitty Lustman-Findling Kindergarten<\/em><\/p>\n<p><strong>Lori Church<\/strong>, M.S., <em>Infant\/Toddler Development, Bank Street College; Parent Mentor, Bridgeport Hospital NICU<br \/>\n<\/em><\/p>\n<p><strong>Joshua A. Copel<\/strong>, M.D.,\u00a0<em>Professor, Division of Maternal\u2013Fetal Medicine, Departments of Obstetrics, Gynecology &amp; Reproductive Sciences, and Pediatrics, Yale School of Medicine, New Haven<\/em><\/p>\n<p><strong>Joel Cruz<\/strong>, M. Th. <em>Senior Director, The Institute for the Hispanic Family &amp; Family Strengthening Programs, Catholic Charities, Hartford<\/em><\/p>\n<p><strong>Mary Kay Curtiss<\/strong>, CPA, MSPA, <em>Principal, Clifton, Larson, Allen, LLP,<\/em><em>\u00a0West Hartford<\/em><\/p>\n<p><strong>Monette Ferguson<\/strong>, PhD, <em>Executive Director, Alliance for Community Empowerment<\/em><\/p>\n<p><strong>Jennifer Groves Fusco<\/strong>, J.D., <em>Principal, Updike, Kelly &amp; Spellacy, P.C., New Haven<\/em><\/p>\n<p><strong>Jane Lee<\/strong>, <em>Economic Development Coach\/Consultant, All Our Kin, New Haven<\/em><\/p>\n<p><strong>Sherene Mason<\/strong>, M.D., <em>Pediatric Nephrologist, Connecticut Childrens, Hartford<\/em><\/p>\n<p><strong>Bonnie L. Patten<\/strong>, J.D., <em>Executive Director, Truth in Advertising, Inc., Branford<\/em><\/p>\n<p><strong><br \/>\nRoxanne J. Coady<\/strong>, Founder and Board Emeritus<br \/>\n<em>President and Owner, R. J. Julia Booksellers, Madison<\/em><\/p>\n<p><strong>Karen Pritzker<\/strong>, <em>Board Emeritus<\/em><\/p>\n<p><em>\u00a0<\/em>[\/vc_column_text]<div class=\"hr_gap\" style=\"height:50px;\"><\/div><h3 class=\"heading-horizontal\" style=\"margin:20px 0 20px 0;\"><span>Personal<\/span><\/h3>[vc_raw_html]JTNDZGl2JTIwaWQlM0QlMjJzdGFmZiUyMiUzRSUzQyUyRmRpdiUzRQ==[\/vc_raw_html][vc_column_text el_class=\u00bbintro-copy spanish-disclaimer\u00bb]\n<p style=\"text-align: center;\"><strong>Esta p\u00e1gina est\u00e1 siendo traducida al espa\u00f1ol. Gracias por su paciencia.<\/strong><\/p>\n[\/vc_column_text][\/vc_column][\/vc_row][vc_row][vc_column width=\u00bb1\/2&#8243;][vc_column_text]<strong>ADMINISTRATION<\/strong><\/p>\n<p>Suzannah Holsenbeck, Executive Director<br \/>\n<a href=\"mailto:sholsenbeck@readtogrow.org\">sholsenbeck@readtogrow.org<\/a><\/p>\n<p>Debra Gorman, Office Manager<br \/>\n<a href=\"mailto:dgorman@readtogrow.org\">dgorman@readtogrow.org<\/a><\/p>\n<p>Paula Grimm, Development and Data Specialist<a href=\"mailto:\"><br \/>\npgrimm@readtogrow.org<\/a><\/p>\n<p>Abigail O&#8217;Keefe, Communications &amp; Development<br \/>\n<a href=\"mailto:aokeefe@readtogrow.org\">aokeefe@readtogrow.org<\/a><\/p>\n<p>Vicki Roberts, Programs Assistant<br \/>\n<a href=\"mailto:\">vroberts@readtogrow.org<\/a><\/p>\n<p>Lynn Dorsey, Driver<br \/>\n<a href=\"mailto:ldorsey@readtogrow.org\">ldorsey@readtogrow.org<\/a>[\/vc_column_text][\/vc_column][vc_column width=\u00bb1\/2&#8243;][vc_column_text]<strong>PROGRAMS<\/strong><\/p>\n<p><strong><em>Books for Babies<\/em><\/strong><\/p>\n<p>Pam Katynski Books for Babies Coordinator<br \/>\n<a href=\"mailto:pkatynski@readtogrow.org\">pkatynski@readtogrow.org<\/a><\/p>\n<p>Laura Noe Books for Babies Coordinator<br \/>\n<a href=\"mailto:lnoe@readtogrow.org\">lnoe@readtogrow.org<\/a><\/p>\n<p><strong><em>Books for Kids<\/em><\/strong><\/p>\n<p>Linda Sylvester, Books for Kids Co-Coordinator<br \/>\n<a href=\"mailto:lsylvester@readtogrow.org\">lsylvester@readtogrow.org<\/a><\/p>\n<p>Evelyn Tomasello, Books for Kids Co-Coordinator<br \/>\n<a href=\"mailto:etomasello@readtogrow.org\">etomasello@readtogrow.org<\/a><\/p>\n<p><em><strong>Early Steps to School Success-New Haven<\/strong><\/em><\/p>\n<p>Yazmin Benitez, Early Childhood Coordinator<br \/>\nat Luis Mu\u00f1oz Marin School<br \/>\n<a href=\"mailto:ybenitez@readtogrow.org\">ybenitez@readtogrow.org<\/a><\/p>\n<p>Kaydean Brown, Early Childhood Coordinator<br \/>\nat Brennan Rogers School<br \/>\n<a href=\"mailto:kbrown@readtogrow.org\">kbrown@readtogrow.org<\/a><\/p>\n<p>Cherese Chambers, Early Childhood Coordinator<br \/>\nat Lincoln Bassett School<br \/>\n<a href=\"mailto:cchambers@readtogrow.org\">cchambers@readtogrow.org<\/a><\/p>\n<p>Viviana Nu\u00f1ez, Early Childhood Coordinator<br \/>\nat Columbus Family Academy<br \/>\n<a href=\"mailto:vnunez@readtogrow.org\">vnunez@readtogrow.org<\/a><\/p>\n<p>Melissa Ruggiero, Early Childhood Coordinator<br \/>\nat Celentano School<br \/>\n<a href=\"mailto:mruggiero@readtogrow.org\">mruggiero@readtogrow.org<\/a><\/p>\n<p>Lakenya Watford, Early Childhood Coordinator<br \/>\nat Bryant School<br \/>\n<a href=\"mailto:lwatford@readtogrow.org\">lwatford@readtogrow.org<\/a>[\/vc_column_text][\/vc_column][\/vc_row]\n<\/div>","protected":false},"excerpt":{"rendered":"<p>[vc_row][vc_column][vc_raw_html]JTNDZGl2JTIwaWQlM0QlMjJ2aXNpb24lMjIlM0UlM0MlMkZkaXYlM0U=[\/vc_raw_html][vc_column_text el_class=\u00bbintro-copy spanish-disclaimer\u00bb]<br \/>\nEsta p\u00e1gina est\u00e1 siendo traducida al espa\u00f1ol. Gracias por su paciencia.<br \/>\n[\/vc_column_text][vc_single_image image=\u00bb6739&#8243; img_size=\u00bbfull\u00bb alignment=\u00bbcenter\u00bb][vc_raw_html]JTNDZGl2JTIwaWQlM0QlMjJib2FyZCUyMiUzRSUzQyUyRmRpdiUzRQ==[\/vc_raw_html][vc_column_text el_class=\u00bbintro-copy spanish-disclaimer\u00bb]<br \/>\nEsta p\u00e1gina est\u00e1 siendo traducida al espa\u00f1ol. Gracias por su paciencia.<br \/>\n[\/vc_column_text][vc_column_text]Jeff Hartmann, Board Chair<br \/>\nFounder, CEO The Hartmann Group, Old Saybrook<br \/>\nLisa Maass, Vice Chair<br \/>\nPresident,\u00a0 Citizens Bank CT, New Haven<br \/>\nCarla M. Horwitz, Secretary<br \/>\nEd.D., Lecturer, Yale Child Study Center &amp; Department of Psychology; Director Emerita, Calvin Hill Day Care Center &amp; Kitty Lustman-Findling Kindergarten<br \/>\nLori Church, M.S., &#8230;<\/p>\n","protected":false},"author":1,"featured_media":0,"parent":0,"menu_order":0,"comment_status":"closed","ping_status":"closed","template":"template_leftnav.php","meta":{"footnotes":""},"class_list":["post-8280","page","type-page","status-publish","hentry"],"_links":{"self":[{"href":"https:\/\/readtogrow.bulldogstudios.com\/es\/wp-json\/wp\/v2\/pages\/8280","targetHints":{"allow":["GET"]}}],"collection":[{"href":"https:\/\/readtogrow.bulldogstudios.com\/es\/wp-json\/wp\/v2\/pages"}],"about":[{"href":"https:\/\/readtogrow.bulldogstudios.com\/es\/wp-json\/wp\/v2\/types\/page"}],"author":[{"embeddable":true,"href":"https:\/\/readtogrow.bulldogstudios.com\/es\/wp-json\/wp\/v2\/users\/1"}],"replies":[{"embeddable":true,"href":"https:\/\/readtogrow.bulldogstudios.com\/es\/wp-json\/wp\/v2\/comments?post=8280"}],"version-history":[{"count":44,"href":"https:\/\/readtogrow.bulldogstudios.com\/es\/wp-json\/wp\/v2\/pages\/8280\/revisions"}],"predecessor-version":[{"id":11243,"href":"https:\/\/readtogrow.bulldogstudios.com\/es\/wp-json\/wp\/v2\/pages\/8280\/revisions\/11243"}],"wp:attachment":[{"href":"https:\/\/readtogrow.bulldogstudios.com\/es\/wp-json\/wp\/v2\/media?parent=8280"}],"curies":[{"name":"wp","href":"https:\/\/api.w.org\/{rel}","templated":true}]}}